{"id":1307,"date":"2023-06-06T14:01:23","date_gmt":"2023-06-06T14:01:23","guid":{"rendered":"https:\/\/gumy.eu\/novinky\/?page_id=1307"},"modified":"2025-09-18T12:55:39","modified_gmt":"2025-09-18T12:55:39","slug":"preco-brzdy-piskaju-mozne-priciny-a-riesenia","status":"publish","type":"page","link":"https:\/\/gumy.eu\/novinky\/preco-brzdy-piskaju-mozne-priciny-a-riesenia\/","title":{"rendered":"Pre\u010do brzdy p\u00edskaj\u00fa? Mo\u017en\u00e9 pr\u00ed\u010diny a rie\u0161enia!"},"content":{"rendered":"\n<p>\u00dadr\u017eba brzdov\u00e9ho syst\u00e9mu je mimoriadne d\u00f4le\u017eit\u00e1. Spr\u00e1vne funguj\u00face brzdy s\u00fa nevyhnutn\u00e9 pre bezpe\u010dn\u00fa jazdu. \u010cast\u00fdm probl\u00e9mom v s\u00favislosti s brzdami je v\u00fdskyt pisk\u013eav\u00e9ho zvuku. S\u00fa v\u0161ak obavy na mieste, ak va\u0161e brzdy p\u00edskaj\u00fa, alebo m\u00f4\u017eete tento nepr\u00edjemn\u00fd zvuk ignorova\u0165? V tomto \u010dl\u00e1nku v\u00e1m podrobne vysvetl\u00edme, ako funguje brzdov\u00fd syst\u00e9m a ak\u00e9 s\u00fa mo\u017en\u00e9 pr\u00ed\u010diny piskotu!<\/p>\n\n\n\n<h2 class=\"wp-block-heading has-medium-font-size\"><strong>Stru\u010dn\u00fd opis brzdov\u00e9ho syst\u00e9mu<\/strong><\/h2>\n\n\n\n<p>Predt\u00fdm, ako sa budeme venova\u0165 mo\u017en\u00fdm pr\u00ed\u010din\u00e1m a rie\u0161eniam \u201ep\u00edskania\u201c b\u0155zd, je vhodn\u00e9 poveda\u0165 nieko\u013eko slov o v\u0161eobecnom fungovan\u00ed brzdov\u00e9ho syst\u00e9mu. Brzda je jedn\u00fdm z najd\u00f4le\u017eitej\u0161\u00edch syst\u00e9mov v aute, jej \u00falohou je spomali\u0165, zastavi\u0165 a udr\u017ea\u0165 vozidlo na mieste. Existuje nespo\u010detne ve\u013ea &nbsp;v\u00fdhod spr\u00e1vne udr\u017eiavan\u00fdch b\u0155zd ako napr\u00edklad:<\/p>\n\n\n\n<ul class=\"wp-block-list\">\n<li><strong>m\u00f4\u017ee skr\u00e1ti\u0165 brzdn\u00fa dr\u00e1hu,<\/strong><\/li>\n\n\n\n<li><strong>umo\u017e\u0148uje presn\u00e9 a bezpe\u010dn\u00e9 man\u00e9vrovanie,<\/strong><\/li>\n\n\n\n<li><strong>zv\u00fd\u0161i\u0165 bezpe\u010dnos\u0165 jazdy a<\/strong><\/li>\n\n\n\n<li><strong>v\u00fdrazne zn\u00ed\u017ei\u0165 riziko neh\u00f4d.<\/strong><\/li>\n<\/ul>\n\n\n\n<p>Modern\u00e9 brzdov\u00e9 syst\u00e9my vyu\u017e\u00edvaj\u00fa tzv. hydraulick\u00e9 ovl\u00e1danie b\u0155zd, \u010do znamen\u00e1, \u017ee tlak na brzdov\u00fd ped\u00e1l vodi\u010da je pren\u00e1\u0161an\u00fd syst\u00e9mom tlaku kvapaliny na brzdov\u00e9 komponenty, ktor\u00e9 v kone\u010dnom d\u00f4sledku spomalia koles\u00e1 na po\u017eadovan\u00fa r\u00fdchlos\u0165. Syst\u00e9m mo\u017eno rozdeli\u0165 na tri \u010dasti: brzdov\u00fa jednotku, prevodovku a&nbsp;riadiace jednotky.<\/p>\n\n\n\n<h2 class=\"wp-block-heading has-medium-font-size\"><strong>Ak\u00e9 s\u00fa kroky od stla\u010denia ped\u00e1lu po zastavenie vozidla? Prezrad\u00edme v\u00e1m to!<\/strong><\/h2>\n\n\n\n<ol class=\"wp-block-list\" style=\"list-style-type:1\">\n<li>Po stla\u010den\u00ed brzdov\u00e9ho ped\u00e1la sa zv\u00fd\u0161i vn\u00fatorn\u00fd tlak hlavn\u00e9ho brzdov\u00e9ho valca.<\/li>\n\n\n\n<li>Brzdov\u00fd syst\u00e9m pren\u00e1\u0161a tlak prostredn\u00edctvom zlo\u017eitej siete potrub\u00ed.<\/li>\n\n\n\n<li>V\u00fdkonov\u00fd valec premie\u0148a tlak na silu, ktor\u00e1 tla\u010d\u00ed brzdov\u00e9 do\u0161ti\u010dky proti brzdov\u00e9mu kot\u00fa\u010du.<\/li>\n\n\n\n<li>T\u00fdm sa spomal\u00ed r\u00fdchlos\u0165 ot\u00e1\u010dania kolies.<\/li>\n\n\n\n<li>Energia trenia sa \u010diasto\u010dne premie\u0148a na tepeln\u00fa energiu, \u010d\u00edm sa niektor\u00e9 komponenty brzdov\u00e9ho syst\u00e9mu sa zahrievaj\u00fa.<\/li>\n<\/ol>\n\n\n\n<h2 class=\"wp-block-heading has-medium-font-size\"><strong>Pre\u010do brzdy p\u00edskaj\u00fa?<\/strong><\/h2>\n\n\n\n<p>Pr\u00ed\u010din, pre\u010do brzdy p\u00edskaj\u00fa, m\u00f4\u017ee by\u0165 nieko\u013eko. M\u00f4\u017ee za t\u00fdm by\u0165 v\u00e1\u017ena porucha komplexn\u00e9ho syst\u00e9mu s mnoh\u00fdmi komponentmi alebo menej hroziv\u00e9 vysvetlenia nepr\u00edjemn\u00e9ho hluku. Zozbierali sme naj\u010dastej\u0161ie pr\u00ed\u010diny p\u00edskania b\u0155zd!<\/p>\n\n\n\n<ul class=\"wp-block-list\">\n<li><strong>Porucha brzdov\u00fdch komponentov: <\/strong>brzdov\u00e9 komponenty m\u00f4\u017eu pracova\u0165 nerovnomerne, \u010do m\u00f4\u017ee sp\u00f4sobova\u0165 hluk. Je be\u017en\u00e9, \u017ee brzdov\u00e9 do\u0161ti\u010dky nep\u00f4sobia na brzdov\u00fd kot\u00fa\u010d rovnakou silou. \u010eal\u0161\u00edm \u010dast\u00fdm probl\u00e9mom je, \u017ee brzdov\u00e9 do\u0161ti\u010dky maj\u00fa rozdielne trecie sily. Obr\u00e1\u0165te sa na odborn\u00edka, ktor\u00fd skontroluje brzdov\u00fd syst\u00e9m a vykon\u00e1 potrebn\u00e9 opravy.<\/li>\n\n\n\n<li><strong>Nespr\u00e1vne namontovan\u00e9 brzdov\u00e9 do\u0161ti\u010dky: <\/strong>P\u00edskanie po v\u00fdmene brzdov\u00fdch do\u0161ti\u010diek? Nov\u00fd diel nemus\u00ed by\u0165 kompatibiln\u00fd s vozidlom. V\u00fdmena brzdov\u00fdch komponentov doma m\u00f4\u017ee vies\u0165 k ne\u017eelan\u00fdm komplik\u00e1ci\u00e1m a mali by ste sa jej za ka\u017ed\u00fa cenu vyhn\u00fa\u0165.<\/li>\n\n\n\n<li><strong>Nespr\u00e1vne upevnen\u00e9 brzdov\u00e9 do\u0161ti\u010dky: <\/strong>Nespr\u00e1vne upevnen\u00e9 brzdov\u00e9 do\u0161ti\u010dky m\u00f4\u017eu sp\u00f4sobova\u0165 piskot. Vyhnite sa ich v\u00fdmene doma a pora\u010fte sa so sk\u00fasen\u00fdm odborn\u00edkom.<\/li>\n\n\n\n<li><strong>Ak sa medzi brzdov\u00fa do\u0161ti\u010dku a kot\u00fa\u010d dostane cudz\u00ed predmet (napr. kovov\u00e9 \u00falomky, \u0161trk, in\u00e9 ne\u010distoty), <\/strong>m\u00f4\u017ee sa objavi\u0165 p\u00edskav\u00fd zvuk. V tak\u00fdchto pr\u00edpadoch je potrebn\u00e9 obr\u00e1ti\u0165 sa na odborn\u00edka.<\/li>\n\n\n\n<li><strong>Opotrebovan\u00e9 brzdov\u00e9 do\u0161ti\u010dky: <\/strong>Vn\u00edmate pri brzden\u00ed intenz\u00edvny vysok\u00fd zvuk? Mo\u017eno po\u010dujete zvuk indik\u00e1tora opotrebenia zabudovan\u00e9ho v&nbsp;brzdov\u00fdch do\u0161ti\u010dk\u00e1ch, ktor\u00fd signalizuje, \u017ee vrstva indik\u00e1tora opotrebenia v&nbsp;brzdov\u00fdch do\u0161ti\u010dk\u00e1ch klesla pod bezpe\u010dn\u00fa \u00farove\u0148. V takom pr\u00edpade je potrebn\u00e9 brzdov\u00e9 do\u0161ti\u010dky vymeni\u0165.<\/li>\n\n\n\n<li><strong>Uvo\u013enen\u00e9 brzdov\u00e9 do\u0161ti\u010dky a\/alebo sedl\u00e1: <\/strong>Uvo\u013enen\u00e9 brzdov\u00e9 do\u0161ti\u010dky a\/alebo sedl\u00e1 m\u00f4\u017eu sp\u00f4sobova\u0165 nepr\u00edjemn\u00e9 p\u00edskanie.<\/li>\n\n\n\n<li><strong>Zne\u010disten\u00fd brzdov\u00fd kot\u00fa\u010d: <\/strong>Piskot m\u00f4\u017ee by\u0165 sp\u00f4soben\u00fd zne\u010disten\u00edm brzdov\u00e9ho kot\u00fa\u010da. Odstr\u00e1nenie tohto probl\u00e9mu &nbsp;je na\u0161\u0165astie nielen r\u00fdchle, ale aj cenovo dostupn\u00e9.<\/li>\n\n\n\n<li><strong>Hrdzav\u00e9, skorodovan\u00e9 brzdov\u00e9 kot\u00fa\u010de: <\/strong>Hrdza a kor\u00f3zia v brzdov\u00fdch kot\u00fa\u010doch m\u00f4\u017ee vies\u0165 k piskotu. V tak\u00fdchto pr\u00edpadoch je zvy\u010dajne potrebn\u00e1 v\u00fdmena brzdov\u00e9ho kot\u00fa\u010da.<\/li>\n\n\n\n<li><strong>Star\u00fd kot\u00fa\u010d, nov\u00e9 brzdov\u00e9 do\u0161ti\u010dky. <\/strong>V tak\u00fdchto pr\u00edpadoch by sa mali vymeni\u0165 aj kot\u00fa\u010de.<\/li>\n\n\n\n<li><strong>Nespr\u00e1vne upevnen\u00fd brzdov\u00fd kot\u00fa\u010d<\/strong>: Zaznamenali ste po v\u00fdmene brzdov\u00e9ho kot\u00fa\u010da nepr\u00edjemn\u00fd p\u00edskav\u00fd zvuk? Je mo\u017en\u00e9, \u017ee kot\u00fa\u010d nie je spr\u00e1vne upevnen\u00fd. Vo v\u0161etk\u00fdch pr\u00edpadoch si nechajte kot\u00fa\u010d vymeni\u0165 sk\u00fasen\u00fdm technikom.<\/li>\n\n\n\n<li><strong>Zne\u010disten\u00e9 brzdov\u00e9 do\u0161ti\u010dky: <\/strong>Zne\u010distenie brzdov\u00fdch do\u0161ti\u010diek m\u00f4\u017ee tie\u017e sp\u00f4sobova\u0165 piskot. Odborn\u00edk &nbsp;m\u00f4\u017ee zne\u010distenie r\u00fdchlo a cenovo v\u00fdhodne odstr\u00e1ni\u0165.<\/li>\n\n\n\n<li><strong>Cementit na brzdov\u00fdch do\u0161ti\u010dk\u00e1ch v d\u00f4sledku prehriatia: <\/strong>Cementit, zn\u00e1my aj ako tvrd\u00fd sediment, na brzdov\u00fdch do\u0161ti\u010dk\u00e1ch m\u00f4\u017ee by\u0165 sp\u00f4soben\u00fd prehriat\u00edm.<\/li>\n<\/ul>\n\n\n\n<h2 class=\"wp-block-heading has-medium-font-size\"><strong>Kedy by ste mali da\u0165 svoje auto do servisu?<\/strong><\/h2>\n\n\n\n<p>Ako vypl\u00fdva z vy\u0161\u0161ie uveden\u00e9ho zoznamu, existuje viacero mo\u017en\u00fdch pr\u00ed\u010din tohto hluku. Ak teda va\u0161e brzdy p\u00edskaj\u00fa, najlep\u0161ie bude, ak ich d\u00e1te do servisu. Ak budete v\u0155zganie alebo hrkotanie ignorova\u0165, aj mal\u00e9 poruchy m\u00f4\u017eu vies\u0165 k v\u00e1\u017enym a n\u00e1kladn\u00fdm technick\u00fdm probl\u00e9mom.<\/p>\n\n\n\n<div class=\"wp-block-columns is-layout-flex wp-container-core-columns-is-layout-9d6595d7 wp-block-columns-is-layout-flex\">\n<div class=\"wp-block-column is-layout-flow wp-block-column-is-layout-flow\" style=\"flex-basis:100%\">\n<figure class=\"wp-block-gallery has-nested-images columns-default is-cropped wp-block-gallery-1 is-layout-flex wp-block-gallery-is-layout-flex\">\n<figure class=\"wp-block-image size-large\"><img loading=\"lazy\" decoding=\"async\" width=\"1024\" height=\"1024\" data-id=\"1308\" src=\"https:\/\/gumy.eu\/novinky\/wp-content\/uploads\/2023\/06\/automechanik-1024x1024.jpg\" alt=\"automechanik\" class=\"wp-image-1308\" srcset=\"https:\/\/gumy.eu\/novinky\/wp-content\/uploads\/2023\/06\/automechanik-1024x1024.jpg 1024w, https:\/\/gumy.eu\/novinky\/wp-content\/uploads\/2023\/06\/automechanik-300x300.jpg 300w, https:\/\/gumy.eu\/novinky\/wp-content\/uploads\/2023\/06\/automechanik-150x150.jpg 150w, https:\/\/gumy.eu\/novinky\/wp-content\/uploads\/2023\/06\/automechanik-768x768.jpg 768w, https:\/\/gumy.eu\/novinky\/wp-content\/uploads\/2023\/06\/automechanik-696x696.jpg 696w, https:\/\/gumy.eu\/novinky\/wp-content\/uploads\/2023\/06\/automechanik-1068x1068.jpg 1068w, https:\/\/gumy.eu\/novinky\/wp-content\/uploads\/2023\/06\/automechanik-420x420.jpg 420w, https:\/\/gumy.eu\/novinky\/wp-content\/uploads\/2023\/06\/automechanik.jpg 1080w\" sizes=\"auto, (max-width: 1024px) 100vw, 1024px\" \/><\/figure>\n<\/figure>\n<\/div>\n<\/div>\n\n\n\n<h2 class=\"wp-block-heading has-medium-font-size\"><strong>\u010casto kladen\u00e9 ot\u00e1zky a odpovede<\/strong><\/h2>\n\n\n\n<h3 class=\"wp-block-heading has-medium-font-size\"><strong>Brzdy po\u010das jazdy p\u00edskaj\u00fa. \u010co m\u00e1m robi\u0165?<\/strong><\/h3>\n\n\n\n<p>Ak va\u0161e brzdy po\u010das jazdy p\u00edskaj\u00fa, zvy\u010dajne to znamen\u00e1, \u017ee brzdov\u00e9 do\u0161ti\u010dky s\u00fa opotrebovan\u00e9. V tak\u00fdchto pr\u00edpadoch je dobr\u00e9 da\u0165 vozidlo \u010do najsk\u00f4r do servisu.<\/p>\n\n\n\n<h2 class=\"wp-block-heading has-medium-font-size\"><strong>\u010co znamen\u00e1, ak brzdy pri brzden\u00ed p\u00edskaj\u00fa?<\/strong><\/h2>\n\n\n\n<p>P\u00edskaj\u00fa brzdy pri brzden\u00ed? M\u00f4\u017ee to by\u0165 sp\u00f4soben\u00e9 niektor\u00fdm z vy\u0161\u0161ie uveden\u00fdch d\u00f4vodov. Ak sa chcete zbavi\u0165 nepr\u00edjemn\u00e9ho zvuku, je dobr\u00e9 nav\u0161t\u00edvi\u0165 odborn\u00edka, ktor\u00fd tento probl\u00e9m vyrie\u0161i.<\/p>\n\n\n\n<h2 class=\"wp-block-heading has-medium-font-size\"><strong>Brzdy p\u00edskaj\u00fa pri zat\u00e1\u010dan\u00ed. Mus\u00edm da\u0165 vozidlo do servisu?<\/strong><\/h2>\n\n\n\n<p>Existuje nieko\u013eko mo\u017en\u00fdch vysvetlen\u00ed p\u00edskania b\u0155zd pri zat\u00e1\u010dan\u00ed. Ke\u010f\u017ee na ur\u010denie presnej pr\u00ed\u010diny je potrebn\u00e1 odborn\u00e1 kontrola, oplat\u00ed sa odviez\u0165 vozidlo do servisu.<\/p>\n\n\n\n<h2 class=\"wp-block-heading has-medium-font-size\"><strong>S\u00fa p\u00edskaj\u00face zadn\u00e9 brzdy nebezpe\u010dn\u00e9?<\/strong><\/h2>\n\n\n\n<p>P\u00edskaj\u00face zadn\u00e9 brzdy m\u00f4\u017eu znamena\u0165 v\u00e1\u017eny technick\u00fd probl\u00e9m. Odvezte vozidlo \u010do najsk\u00f4r do servisu, aby ste hluk odstr\u00e1nili a pr\u00edpadn\u00fa poruchu opravili.<\/p>\n\n\n\n<p class=\"has-text-align-center has-luminous-vivid-amber-background-color has-background has-large-font-size\"><strong><a href=\"https:\/\/gumy.eu\/pneuservis\">SERVISY<\/a><\/strong><\/p>\n","protected":false},"excerpt":{"rendered":"<p>\u00dadr\u017eba brzdov\u00e9ho syst\u00e9mu je mimoriadne d\u00f4le\u017eit\u00e1. Spr\u00e1vne funguj\u00face brzdy s\u00fa nevyhnutn\u00e9 pre bezpe\u010dn\u00fa jazdu. \u010cast\u00fdm probl\u00e9mom v s\u00favislosti s brzdami<\/p>\n","protected":false},"author":4,"featured_media":1309,"parent":0,"menu_order":0,"comment_status":"closed","ping_status":"closed","template":"","meta":{"footnotes":""},"class_list":["post-1307","page","type-page","status-publish","has-post-thumbnail","hentry"],"yoast_head":"<!-- This site is optimized with the Yoast SEO plugin v27.5 - https:\/\/yoast.com\/product\/yoast-seo-wordpress\/ -->\n<title>Pre\u010do brzdy p\u00edskaj\u00fa? Mo\u017en\u00e9 pr\u00ed\u010diny a rie\u0161enia! - Novinky<\/title>\n<meta name=\"description\" content=\"Spr\u00e1vne funguj\u00face brzdy s\u00fa nevyhnutn\u00e9 pre bezpe\u010dn\u00fa jazdu. \u010cast\u00fdm probl\u00e9mom v s\u00favislosti s brzdami je v\u00fdskyt pisk\u013eav\u00e9ho zvuku.\" \/>\n<meta name=\"robots\" content=\"index, follow, max-snippet:-1, max-image-preview:large, max-video-preview:-1\" \/>\n<link rel=\"canonical\" href=\"https:\/\/gumy.eu\/novinky\/preco-brzdy-piskaju-mozne-priciny-a-riesenia\/\" \/>\n<meta property=\"og:locale\" content=\"sk_SK\" \/>\n<meta property=\"og:type\" content=\"article\" \/>\n<meta property=\"og:title\" content=\"Pre\u010do brzdy p\u00edskaj\u00fa? Mo\u017en\u00e9 pr\u00ed\u010diny a rie\u0161enia! - Novinky\" \/>\n<meta property=\"og:description\" content=\"Spr\u00e1vne funguj\u00face brzdy s\u00fa nevyhnutn\u00e9 pre bezpe\u010dn\u00fa jazdu. \u010cast\u00fdm probl\u00e9mom v s\u00favislosti s brzdami je v\u00fdskyt pisk\u013eav\u00e9ho zvuku.\" \/>\n<meta property=\"og:url\" content=\"https:\/\/gumy.eu\/novinky\/preco-brzdy-piskaju-mozne-priciny-a-riesenia\/\" \/>\n<meta property=\"og:site_name\" content=\"Novinky\" \/>\n<meta property=\"article:modified_time\" content=\"2025-09-18T12:55:39+00:00\" \/>\n<meta property=\"og:image\" content=\"https:\/\/gumy.eu\/novinky\/wp-content\/uploads\/2023\/06\/nyikorog-a-fek.jpg-1.jpg\" \/>\n\t<meta property=\"og:image:width\" content=\"1920\" \/>\n\t<meta property=\"og:image:height\" content=\"1080\" \/>\n\t<meta property=\"og:image:type\" content=\"image\/jpeg\" \/>\n<meta name=\"twitter:card\" content=\"summary_large_image\" \/>\n<meta name=\"twitter:label1\" content=\"Predpokladan\u00fd \u010das \u010d\u00edtania\" \/>\n\t<meta name=\"twitter:data1\" content=\"6 min\u00fat\" \/>\n<script type=\"application\/ld+json\" class=\"yoast-schema-graph\">{\"@context\":\"https:\\\/\\\/schema.org\",\"@graph\":[{\"@type\":\"WebPage\",\"@id\":\"https:\\\/\\\/gumy.eu\\\/novinky\\\/preco-brzdy-piskaju-mozne-priciny-a-riesenia\\\/\",\"url\":\"https:\\\/\\\/gumy.eu\\\/novinky\\\/preco-brzdy-piskaju-mozne-priciny-a-riesenia\\\/\",\"name\":\"Pre\u010do brzdy p\u00edskaj\u00fa? Mo\u017en\u00e9 pr\u00ed\u010diny a rie\u0161enia! - Novinky\",\"isPartOf\":{\"@id\":\"https:\\\/\\\/gumy.eu\\\/novinky\\\/#website\"},\"primaryImageOfPage\":{\"@id\":\"https:\\\/\\\/gumy.eu\\\/novinky\\\/preco-brzdy-piskaju-mozne-priciny-a-riesenia\\\/#primaryimage\"},\"image\":{\"@id\":\"https:\\\/\\\/gumy.eu\\\/novinky\\\/preco-brzdy-piskaju-mozne-priciny-a-riesenia\\\/#primaryimage\"},\"thumbnailUrl\":\"https:\\\/\\\/gumy.eu\\\/novinky\\\/wp-content\\\/uploads\\\/2023\\\/06\\\/nyikorog-a-fek.jpg-1.jpg\",\"datePublished\":\"2023-06-06T14:01:23+00:00\",\"dateModified\":\"2025-09-18T12:55:39+00:00\",\"description\":\"Spr\u00e1vne funguj\u00face brzdy s\u00fa nevyhnutn\u00e9 pre bezpe\u010dn\u00fa jazdu. \u010cast\u00fdm probl\u00e9mom v s\u00favislosti s brzdami je v\u00fdskyt pisk\u013eav\u00e9ho zvuku.\",\"inLanguage\":\"sk-SK\",\"potentialAction\":[{\"@type\":\"ReadAction\",\"target\":[\"https:\\\/\\\/gumy.eu\\\/novinky\\\/preco-brzdy-piskaju-mozne-priciny-a-riesenia\\\/\"]}]},{\"@type\":\"ImageObject\",\"inLanguage\":\"sk-SK\",\"@id\":\"https:\\\/\\\/gumy.eu\\\/novinky\\\/preco-brzdy-piskaju-mozne-priciny-a-riesenia\\\/#primaryimage\",\"url\":\"https:\\\/\\\/gumy.eu\\\/novinky\\\/wp-content\\\/uploads\\\/2023\\\/06\\\/nyikorog-a-fek.jpg-1.jpg\",\"contentUrl\":\"https:\\\/\\\/gumy.eu\\\/novinky\\\/wp-content\\\/uploads\\\/2023\\\/06\\\/nyikorog-a-fek.jpg-1.jpg\",\"width\":1920,\"height\":1080,\"caption\":\"Pre\u010do brzdy p\u00edskaj\u00fa? Mo\u017en\u00e9 pr\u00ed\u010diny a rie\u0161enia!\"},{\"@type\":\"WebSite\",\"@id\":\"https:\\\/\\\/gumy.eu\\\/novinky\\\/#website\",\"url\":\"https:\\\/\\\/gumy.eu\\\/novinky\\\/\",\"name\":\"Novinky\",\"description\":\"Gumy.eu\",\"publisher\":{\"@id\":\"https:\\\/\\\/gumy.eu\\\/novinky\\\/#organization\"},\"potentialAction\":[{\"@type\":\"SearchAction\",\"target\":{\"@type\":\"EntryPoint\",\"urlTemplate\":\"https:\\\/\\\/gumy.eu\\\/novinky\\\/?s={search_term_string}\"},\"query-input\":{\"@type\":\"PropertyValueSpecification\",\"valueRequired\":true,\"valueName\":\"search_term_string\"}}],\"inLanguage\":\"sk-SK\"},{\"@type\":\"Organization\",\"@id\":\"https:\\\/\\\/gumy.eu\\\/novinky\\\/#organization\",\"name\":\"Novinky\",\"url\":\"https:\\\/\\\/gumy.eu\\\/novinky\\\/\",\"logo\":{\"@type\":\"ImageObject\",\"inLanguage\":\"sk-SK\",\"@id\":\"https:\\\/\\\/gumy.eu\\\/novinky\\\/#\\\/schema\\\/logo\\\/image\\\/\",\"url\":\"https:\\\/\\\/gumy.eu\\\/novinky\\\/wp-content\\\/uploads\\\/2025\\\/04\\\/gumy_eu-logo-200x85-1.jpg\",\"contentUrl\":\"https:\\\/\\\/gumy.eu\\\/novinky\\\/wp-content\\\/uploads\\\/2025\\\/04\\\/gumy_eu-logo-200x85-1.jpg\",\"width\":200,\"height\":85,\"caption\":\"Novinky\"},\"image\":{\"@id\":\"https:\\\/\\\/gumy.eu\\\/novinky\\\/#\\\/schema\\\/logo\\\/image\\\/\"}}]}<\/script>\n<!-- \/ Yoast SEO plugin. -->","yoast_head_json":{"title":"Pre\u010do brzdy p\u00edskaj\u00fa? Mo\u017en\u00e9 pr\u00ed\u010diny a rie\u0161enia! - Novinky","description":"Spr\u00e1vne funguj\u00face brzdy s\u00fa nevyhnutn\u00e9 pre bezpe\u010dn\u00fa jazdu. \u010cast\u00fdm probl\u00e9mom v s\u00favislosti s brzdami je v\u00fdskyt pisk\u013eav\u00e9ho zvuku.","robots":{"index":"index","follow":"follow","max-snippet":"max-snippet:-1","max-image-preview":"max-image-preview:large","max-video-preview":"max-video-preview:-1"},"canonical":"https:\/\/gumy.eu\/novinky\/preco-brzdy-piskaju-mozne-priciny-a-riesenia\/","og_locale":"sk_SK","og_type":"article","og_title":"Pre\u010do brzdy p\u00edskaj\u00fa? Mo\u017en\u00e9 pr\u00ed\u010diny a rie\u0161enia! - Novinky","og_description":"Spr\u00e1vne funguj\u00face brzdy s\u00fa nevyhnutn\u00e9 pre bezpe\u010dn\u00fa jazdu. \u010cast\u00fdm probl\u00e9mom v s\u00favislosti s brzdami je v\u00fdskyt pisk\u013eav\u00e9ho zvuku.","og_url":"https:\/\/gumy.eu\/novinky\/preco-brzdy-piskaju-mozne-priciny-a-riesenia\/","og_site_name":"Novinky","article_modified_time":"2025-09-18T12:55:39+00:00","og_image":[{"width":1920,"height":1080,"url":"https:\/\/gumy.eu\/novinky\/wp-content\/uploads\/2023\/06\/nyikorog-a-fek.jpg-1.jpg","type":"image\/jpeg"}],"twitter_card":"summary_large_image","twitter_misc":{"Predpokladan\u00fd \u010das \u010d\u00edtania":"6 min\u00fat"},"schema":{"@context":"https:\/\/schema.org","@graph":[{"@type":"WebPage","@id":"https:\/\/gumy.eu\/novinky\/preco-brzdy-piskaju-mozne-priciny-a-riesenia\/","url":"https:\/\/gumy.eu\/novinky\/preco-brzdy-piskaju-mozne-priciny-a-riesenia\/","name":"Pre\u010do brzdy p\u00edskaj\u00fa? Mo\u017en\u00e9 pr\u00ed\u010diny a rie\u0161enia! - Novinky","isPartOf":{"@id":"https:\/\/gumy.eu\/novinky\/#website"},"primaryImageOfPage":{"@id":"https:\/\/gumy.eu\/novinky\/preco-brzdy-piskaju-mozne-priciny-a-riesenia\/#primaryimage"},"image":{"@id":"https:\/\/gumy.eu\/novinky\/preco-brzdy-piskaju-mozne-priciny-a-riesenia\/#primaryimage"},"thumbnailUrl":"https:\/\/gumy.eu\/novinky\/wp-content\/uploads\/2023\/06\/nyikorog-a-fek.jpg-1.jpg","datePublished":"2023-06-06T14:01:23+00:00","dateModified":"2025-09-18T12:55:39+00:00","description":"Spr\u00e1vne funguj\u00face brzdy s\u00fa nevyhnutn\u00e9 pre bezpe\u010dn\u00fa jazdu. \u010cast\u00fdm probl\u00e9mom v s\u00favislosti s brzdami je v\u00fdskyt pisk\u013eav\u00e9ho zvuku.","inLanguage":"sk-SK","potentialAction":[{"@type":"ReadAction","target":["https:\/\/gumy.eu\/novinky\/preco-brzdy-piskaju-mozne-priciny-a-riesenia\/"]}]},{"@type":"ImageObject","inLanguage":"sk-SK","@id":"https:\/\/gumy.eu\/novinky\/preco-brzdy-piskaju-mozne-priciny-a-riesenia\/#primaryimage","url":"https:\/\/gumy.eu\/novinky\/wp-content\/uploads\/2023\/06\/nyikorog-a-fek.jpg-1.jpg","contentUrl":"https:\/\/gumy.eu\/novinky\/wp-content\/uploads\/2023\/06\/nyikorog-a-fek.jpg-1.jpg","width":1920,"height":1080,"caption":"Pre\u010do brzdy p\u00edskaj\u00fa? Mo\u017en\u00e9 pr\u00ed\u010diny a rie\u0161enia!"},{"@type":"WebSite","@id":"https:\/\/gumy.eu\/novinky\/#website","url":"https:\/\/gumy.eu\/novinky\/","name":"Novinky","description":"Gumy.eu","publisher":{"@id":"https:\/\/gumy.eu\/novinky\/#organization"},"potentialAction":[{"@type":"SearchAction","target":{"@type":"EntryPoint","urlTemplate":"https:\/\/gumy.eu\/novinky\/?s={search_term_string}"},"query-input":{"@type":"PropertyValueSpecification","valueRequired":true,"valueName":"search_term_string"}}],"inLanguage":"sk-SK"},{"@type":"Organization","@id":"https:\/\/gumy.eu\/novinky\/#organization","name":"Novinky","url":"https:\/\/gumy.eu\/novinky\/","logo":{"@type":"ImageObject","inLanguage":"sk-SK","@id":"https:\/\/gumy.eu\/novinky\/#\/schema\/logo\/image\/","url":"https:\/\/gumy.eu\/novinky\/wp-content\/uploads\/2025\/04\/gumy_eu-logo-200x85-1.jpg","contentUrl":"https:\/\/gumy.eu\/novinky\/wp-content\/uploads\/2025\/04\/gumy_eu-logo-200x85-1.jpg","width":200,"height":85,"caption":"Novinky"},"image":{"@id":"https:\/\/gumy.eu\/novinky\/#\/schema\/logo\/image\/"}}]}},"_links":{"self":[{"href":"https:\/\/gumy.eu\/novinky\/wp-json\/wp\/v2\/pages\/1307","targetHints":{"allow":["GET"]}}],"collection":[{"href":"https:\/\/gumy.eu\/novinky\/wp-json\/wp\/v2\/pages"}],"about":[{"href":"https:\/\/gumy.eu\/novinky\/wp-json\/wp\/v2\/types\/page"}],"author":[{"embeddable":true,"href":"https:\/\/gumy.eu\/novinky\/wp-json\/wp\/v2\/users\/4"}],"replies":[{"embeddable":true,"href":"https:\/\/gumy.eu\/novinky\/wp-json\/wp\/v2\/comments?post=1307"}],"version-history":[{"count":4,"href":"https:\/\/gumy.eu\/novinky\/wp-json\/wp\/v2\/pages\/1307\/revisions"}],"predecessor-version":[{"id":2623,"href":"https:\/\/gumy.eu\/novinky\/wp-json\/wp\/v2\/pages\/1307\/revisions\/2623"}],"wp:featuredmedia":[{"embeddable":true,"href":"https:\/\/gumy.eu\/novinky\/wp-json\/wp\/v2\/media\/1309"}],"wp:attachment":[{"href":"https:\/\/gumy.eu\/novinky\/wp-json\/wp\/v2\/media?parent=1307"}],"curies":[{"name":"wp","href":"https:\/\/api.w.org\/{rel}","templated":true}]}}