{"id":10572,"date":"2026-03-10T12:45:40","date_gmt":"2026-03-10T12:45:40","guid":{"rendered":"https:\/\/gumy.eu\/znacky-pneumatik\/?page_id=10572"},"modified":"2026-04-29T05:29:30","modified_gmt":"2026-04-29T05:29:30","slug":"letne-celorocne-vymena-pneu","status":"publish","type":"page","link":"https:\/\/gumy.eu\/znacky-pneumatik\/letne-celorocne-vymena-pneu\/","title":{"rendered":"Letn\u00e9 &#8211; Celoro\u010dn\u00e9 &#8211; vymena-pneu"},"content":{"rendered":"\t\t<div data-elementor-type=\"wp-page\" data-elementor-id=\"10572\" class=\"elementor elementor-10572\">\n\t\t\t\t\t\t<div class=\"elementor-inner\">\n\t\t\t\t<div class=\"elementor-section-wrap\">\n\t\t\t\t\t\t\t\t\t<section class=\"elementor-section elementor-top-section elementor-element elementor-element-7b88e440 elementor-section-full_width elementor-section-height-default elementor-section-height-default\" data-id=\"7b88e440\" data-element_type=\"section\">\n\t\t\t\t\t\t\t<div class=\"elementor-background-overlay\"><\/div>\n\t\t\t\t\t\t\t<div class=\"elementor-container elementor-column-gap-default\">\n\t\t\t\t\t\t\t<div class=\"elementor-row\">\n\t\t\t\t\t<div class=\"elementor-column elementor-col-100 elementor-top-column elementor-element elementor-element-5b8618fa\" data-id=\"5b8618fa\" data-element_type=\"column\">\n\t\t\t<div class=\"elementor-column-wrap elementor-element-populated\">\n\t\t\t\t\t\t\t<div class=\"elementor-widget-wrap\">\n\t\t\t\t\t\t<div class=\"elementor-element elementor-element-46ea623 elementor-widget elementor-widget-image\" data-id=\"46ea623\" data-element_type=\"widget\" data-widget_type=\"image.default\">\n\t\t\t\t<div class=\"elementor-widget-container\">\n\t\t\t\t\t\t\t\t<div class=\"elementor-image\">\n\t\t\t\t\t\t\t\t\t\t\t\t<img decoding=\"async\" width=\"1024\" height=\"1024\" src=\"https:\/\/gumy.eu\/znacky-pneumatik\/wp-content\/uploads\/2026\/03\/ars-gumyeu-1024x1024.png\" class=\"attachment-large size-large\" alt=\"\" loading=\"lazy\" srcset=\"https:\/\/gumy.eu\/znacky-pneumatik\/wp-content\/uploads\/2026\/03\/ars-gumyeu-1024x1024.png 1024w, https:\/\/gumy.eu\/znacky-pneumatik\/wp-content\/uploads\/2026\/03\/ars-gumyeu-300x300.png 300w, https:\/\/gumy.eu\/znacky-pneumatik\/wp-content\/uploads\/2026\/03\/ars-gumyeu-150x150.png 150w, https:\/\/gumy.eu\/znacky-pneumatik\/wp-content\/uploads\/2026\/03\/ars-gumyeu-768x768.png 768w, https:\/\/gumy.eu\/znacky-pneumatik\/wp-content\/uploads\/2026\/03\/ars-gumyeu.png 1200w\" sizes=\"(max-width: 1024px) 100vw, 1024px\" \/>\t\t\t\t\t\t\t\t\t\t\t\t\t\t<\/div>\n\t\t\t\t\t\t<\/div>\n\t\t\t\t<\/div>\n\t\t\t\t<div class=\"elementor-element elementor-element-342aa42d elementor-widget elementor-widget-html\" data-id=\"342aa42d\" data-element_type=\"widget\" data-widget_type=\"html.default\">\n\t\t\t\t<div class=\"elementor-widget-container\">\n\t\t\t<!-- Google Tag Manager -->\r\n    <script type=\"text\/javascript\">\r\n\r\n\r\n        var IS_DEV = false;\r\n        var GTM_ID = 'GTM-5BVBK9T';\r\n        \/\/var GTM_LC = ( IS_DEV?'EN':'HU' ); \/* HU||EN *\/\r\n        var GTM_LC = 'EN'; \/* HU||EN *\/\r\n        var DL_USER_ID = 'undefined';\r\n        var DL_LOGINSTATUS = 'unsigned'; \r\n        var DL_PAGETYPE = 'main'; \r\n        var DL_TIMESTAMP = 1744374952; \r\n        var DL_CURRENCY = 'HUF'; \r\n        var DL_VAT = '0.27'; \r\n        var DL_LOG = false;\r\n        var DL_LANG_CODE = 'hu';\r\n\r\n       \r\n            \r\n    \r\n       \r\n        window.dataLayer = window.dataLayer || [];\r\n        function addGTMDataLayer(dataLayerObj, log) {\r\n            if ( typeof dataLayerObj === 'object' ) {\r\n                window.dataLayer.push(dataLayerObj);\r\n                if ( log ) {\r\n                    console.log('addGTMDataLayer', dataLayerObj);\r\n                    console.log('window.dataLayer', window.dataLayer);\r\n                }\r\n            }\r\n        }\r\n   \r\n        window.dLayer.addUser({\r\n            'User id': DL_USER_ID,\r\n            'loginStatus': DL_LOGINSTATUS,\r\n            'pageType': DL_PAGETYPE,\r\n            'timestamp': DL_TIMESTAMP,\r\n            'languageCode': DL_LANG_CODE\r\n        });\r\n         \r\n   \r\n        \r\n        \r\n    \r\n    <\/script>\r\n<!-- End Google Tag Manager -->\t\t<\/div>\n\t\t\t\t<\/div>\n\t\t\t\t\t\t<\/div>\n\t\t\t\t\t<\/div>\n\t\t<\/div>\n\t\t\t\t\t\t\t\t<\/div>\n\t\t\t\t\t<\/div>\n\t\t<\/section>\n\t\t\t\t<section class=\"elementor-section elementor-top-section elementor-element elementor-element-3d15d8b1 elementor-section-boxed elementor-section-height-default elementor-section-height-default elementor-invisible\" data-id=\"3d15d8b1\" data-element_type=\"section\" data-settings=\"{&quot;background_background&quot;:&quot;classic&quot;,&quot;animation&quot;:&quot;bounceIn&quot;}\">\n\t\t\t\t\t\t<div class=\"elementor-container elementor-column-gap-default\">\n\t\t\t\t\t\t\t<div class=\"elementor-row\">\n\t\t\t\t\t<div class=\"elementor-column elementor-col-100 elementor-top-column elementor-element elementor-element-2531b53b\" data-id=\"2531b53b\" data-element_type=\"column\">\n\t\t\t<div class=\"elementor-column-wrap elementor-element-populated\">\n\t\t\t\t\t\t\t<div class=\"elementor-widget-wrap\">\n\t\t\t\t\t\t<div class=\"elementor-element elementor-element-7e600a54 elementor-widget elementor-widget-heading\" data-id=\"7e600a54\" data-element_type=\"widget\" data-widget_type=\"heading.default\">\n\t\t\t\t<div class=\"elementor-widget-container\">\n\t\t\t<h2 class=\"elementor-heading-title elementor-size-default\"><div style=\"font-family: Arial, Helvetica, sans-serif; text-align: center; line-height: 1.2;\"><span style=\"font-size: 22px; font-weight: 600;\">\n Pou\u017eite kup\u00f3nov\u00fd k\u00f3d \n  <\/span><span style=\"font-size: 39.6px;\"><b>ROZBEH<\/b><\/span><span style=\"font-size: 22px;\"><b>\n  a z\u00edskajte z\u013eavu na mont\u00e1\u017e pneumat\u00edk!<\/b><\/span><span style=\"font-family: inherit; font-style: inherit;\"><\/span><\/div><\/h2>\t\t<\/div>\n\t\t\t\t<\/div>\n\t\t\t\t\t\t<\/div>\n\t\t\t\t\t<\/div>\n\t\t<\/div>\n\t\t\t\t\t\t\t\t<\/div>\n\t\t\t\t\t<\/div>\n\t\t<\/section>\n\t\t\t\t<section class=\"elementor-section elementor-top-section elementor-element elementor-element-4beb28dd elementor-section-boxed elementor-section-height-default elementor-section-height-default\" data-id=\"4beb28dd\" data-element_type=\"section\" data-settings=\"{&quot;background_background&quot;:&quot;classic&quot;}\">\n\t\t\t\t\t\t\t<div class=\"elementor-background-overlay\"><\/div>\n\t\t\t\t\t\t\t<div class=\"elementor-container elementor-column-gap-default\">\n\t\t\t\t\t\t\t<div class=\"elementor-row\">\n\t\t\t\t\t<div class=\"elementor-column elementor-col-100 elementor-top-column elementor-element elementor-element-67bc4a5d\" data-id=\"67bc4a5d\" data-element_type=\"column\">\n\t\t\t<div class=\"elementor-column-wrap elementor-element-populated\">\n\t\t\t\t\t\t\t<div class=\"elementor-widget-wrap\">\n\t\t\t\t\t\t<div class=\"elementor-element elementor-element-71db173 elementor-position-right elementor-vertical-align-top elementor-widget elementor-widget-image-box\" data-id=\"71db173\" data-element_type=\"widget\" data-widget_type=\"image-box.default\">\n\t\t\t\t<div class=\"elementor-widget-container\">\n\t\t\t<div class=\"elementor-image-box-wrapper\"><figure class=\"elementor-image-box-img\"><a href=\"https:\/\/gumi.hu\/autogumi?season=N%2CNEGY\" target=\"_blank\"><img decoding=\"async\" width=\"1080\" height=\"1200\" src=\"https:\/\/gumy.eu\/znacky-pneumatik\/wp-content\/uploads\/2026\/03\/szerelesi-kedv-2026-nyar-landing.png\" class=\"attachment-full size-full\" alt=\"\" loading=\"lazy\" \/><\/a><\/figure><div class=\"elementor-image-box-content\"><h2 class=\"elementor-image-box-title\"><a href=\"https:\/\/gumi.hu\/autogumi?season=N%2CNEGY\" target=\"_blank\"><br><br><span style=\"font-size: 30px;\">K\u00fapte 4 ks letn\u00fdch alebo celoro\u010dn\u00fdch pneumat\u00edk a z\u00edskajte z\u013eavu a\u017e <b>20 \u20ac<\/b> na mont\u00e1\u017e s kup\u00f3nov\u00fdm k\u00f3dom <span style=\"font-weight: 700;\"> ROZBEH<\/span><\/span><\/a><\/h2><p class=\"elementor-image-box-description\"><span style=\"font-weight: 700; font-size: 18px;\">Vyberte si z na\u0161ej \u0161irokej ponuky letn\u00fdch a celoro\u010dn\u00fdch pneumat\u00edk.<br> <br>\nPri k\u00fape 4 kusov z\u00edskate so z\u013eavov\u00fdm k\u00f3dom ROZBEH z\u013eavu 20 \u20ac na mont\u00e1\u017e.<\/span><\/p><\/div><\/div>\t\t<\/div>\n\t\t\t\t<\/div>\n\t\t\t\t<div class=\"elementor-element elementor-element-7d0e951b elementor-button-success elementor-align-center elementor-mobile-align-left elementor-widget elementor-widget-button\" data-id=\"7d0e951b\" data-element_type=\"widget\" data-widget_type=\"button.default\">\n\t\t\t\t<div class=\"elementor-widget-container\">\n\t\t\t\t\t<div class=\"elementor-button-wrapper\">\n\t\t\t<a href=\"https:\/\/gumy.eu\/pneumatiky\/letne-pneumatiky\" target=\"_blank\" class=\"elementor-button-link elementor-button elementor-size-lg elementor-animation-pulse-grow\" role=\"button\">\n\t\t\t\t\t\t<span class=\"elementor-button-content-wrapper\">\n\t\t\t\t\t\t<span class=\"elementor-button-text\">VYBRA\u0164 SI NOV\u00c9 LETN\u00c9 PNEUMATIKY<\/span>\n\t\t<\/span>\n\t\t\t\t\t<\/a>\n\t\t<\/div>\n\t\t\t\t<\/div>\n\t\t\t\t<\/div>\n\t\t\t\t<div class=\"elementor-element elementor-element-5eb3b665 elementor-button-success elementor-align-center elementor-widget elementor-widget-button\" data-id=\"5eb3b665\" data-element_type=\"widget\" data-widget_type=\"button.default\">\n\t\t\t\t<div class=\"elementor-widget-container\">\n\t\t\t\t\t<div class=\"elementor-button-wrapper\">\n\t\t\t<a href=\"https:\/\/gumy.eu\/pneumatiky\/celorocne-pneumatiky\" target=\"_blank\" class=\"elementor-button-link elementor-button elementor-size-lg elementor-animation-pulse-grow\" role=\"button\">\n\t\t\t\t\t\t<span class=\"elementor-button-content-wrapper\">\n\t\t\t\t\t\t<span class=\"elementor-button-text\">VYBRA\u0164 SI NOV\u00c9 CELORO\u010cN\u00c9 PNEUMATIKY<\/span>\n\t\t<\/span>\n\t\t\t\t\t<\/a>\n\t\t<\/div>\n\t\t\t\t<\/div>\n\t\t\t\t<\/div>\n\t\t\t\t<div class=\"elementor-element elementor-element-41dd8994 elementor-widget elementor-widget-image\" data-id=\"41dd8994\" data-element_type=\"widget\" data-widget_type=\"image.default\">\n\t\t\t\t<div class=\"elementor-widget-container\">\n\t\t\t\t\t\t\t\t<div class=\"elementor-image\">\n\t\t\t\t\t\t\t\t\t\t\t\t\t<a href=\"https:\/\/gumi.hu\/autogumi?brand=dunlop&#038;season=N%2CNEGY\" target=\"_blank\">\n\t\t\t\t\t\t\t<img decoding=\"async\" width=\"1024\" height=\"536\" src=\"https:\/\/gumy.eu\/znacky-pneumatik\/wp-content\/uploads\/2026\/04\/ROZBEH-1200X628-5-1024x536.jpg\" class=\"attachment-large size-large\" alt=\"\" loading=\"lazy\" srcset=\"https:\/\/gumy.eu\/znacky-pneumatik\/wp-content\/uploads\/2026\/04\/ROZBEH-1200X628-5-1024x536.jpg 1024w, https:\/\/gumy.eu\/znacky-pneumatik\/wp-content\/uploads\/2026\/04\/ROZBEH-1200X628-5-300x157.jpg 300w, https:\/\/gumy.eu\/znacky-pneumatik\/wp-content\/uploads\/2026\/04\/ROZBEH-1200X628-5-768x402.jpg 768w, https:\/\/gumy.eu\/znacky-pneumatik\/wp-content\/uploads\/2026\/04\/ROZBEH-1200X628-5.jpg 1200w\" sizes=\"(max-width: 1024px) 100vw, 1024px\" \/>\t\t\t\t\t\t\t\t<\/a>\n\t\t\t\t\t\t\t\t\t\t\t\t\t\t<\/div>\n\t\t\t\t\t\t<\/div>\n\t\t\t\t<\/div>\n\t\t\t\t\t\t<\/div>\n\t\t\t\t\t<\/div>\n\t\t<\/div>\n\t\t\t\t\t\t\t\t<\/div>\n\t\t\t\t\t<\/div>\n\t\t<\/section>\n\t\t\t\t<section class=\"elementor-section elementor-top-section elementor-element elementor-element-23568d9 elementor-section-boxed elementor-section-height-default elementor-section-height-default elementor-invisible\" data-id=\"23568d9\" data-element_type=\"section\" data-settings=\"{&quot;background_background&quot;:&quot;classic&quot;,&quot;animation&quot;:&quot;bounceIn&quot;}\">\n\t\t\t\t\t\t<div class=\"elementor-container elementor-column-gap-default\">\n\t\t\t\t\t\t\t<div class=\"elementor-row\">\n\t\t\t\t\t<div class=\"elementor-column elementor-col-100 elementor-top-column elementor-element elementor-element-9a70cf7\" data-id=\"9a70cf7\" data-element_type=\"column\">\n\t\t\t<div class=\"elementor-column-wrap elementor-element-populated\">\n\t\t\t\t\t\t\t<div class=\"elementor-widget-wrap\">\n\t\t\t\t\t\t<div class=\"elementor-element elementor-element-ff3c0cf elementor-widget elementor-widget-heading\" data-id=\"ff3c0cf\" data-element_type=\"widget\" data-widget_type=\"heading.default\">\n\t\t\t\t<div class=\"elementor-widget-container\">\n\t\t\t<h2 class=\"elementor-heading-title elementor-size-default\"><div style=\"font-family: Arial, Helvetica, sans-serif; text-align: center; line-height: 1.2;\"><span style=\"font-size: 22px; font-weight: 600;\">\n Pou\u017eite kup\u00f3nov\u00fd k\u00f3d \n  <\/span><span style=\"font-size: 39.6px;\"><b>ROZBEH<\/b><\/span><span style=\"font-size: 22px;\"><b>\n  a z\u00edskajte z\u013eavu na mont\u00e1\u017e pneumat\u00edk!<\/b><\/span><span style=\"font-family: inherit; font-style: inherit;\"><\/span><\/div><\/h2>\t\t<\/div>\n\t\t\t\t<\/div>\n\t\t\t\t\t\t<\/div>\n\t\t\t\t\t<\/div>\n\t\t<\/div>\n\t\t\t\t\t\t\t\t<\/div>\n\t\t\t\t\t<\/div>\n\t\t<\/section>\n\t\t\t\t<section class=\"elementor-section elementor-top-section elementor-element elementor-element-65072e68 elementor-section-boxed elementor-section-height-default elementor-section-height-default\" data-id=\"65072e68\" data-element_type=\"section\" data-settings=\"{&quot;background_background&quot;:&quot;classic&quot;}\">\n\t\t\t\t\t\t\t<div class=\"elementor-background-overlay\"><\/div>\n\t\t\t\t\t\t\t<div class=\"elementor-container elementor-column-gap-default\">\n\t\t\t\t\t\t\t<div class=\"elementor-row\">\n\t\t\t\t\t<div class=\"elementor-column elementor-col-100 elementor-top-column elementor-element elementor-element-739e40bb\" data-id=\"739e40bb\" data-element_type=\"column\">\n\t\t\t<div class=\"elementor-column-wrap elementor-element-populated\">\n\t\t\t\t\t\t\t<div class=\"elementor-widget-wrap\">\n\t\t\t\t\t\t<div class=\"elementor-element elementor-element-7a6b4b3c elementor-widget elementor-widget-text-editor\" data-id=\"7a6b4b3c\" data-element_type=\"widget\" data-widget_type=\"text-editor.default\">\n\t\t\t\t<div class=\"elementor-widget-container\">\n\t\t\t\t\t\t\t\t<div class=\"elementor-text-editor elementor-clearfix\">\n\t\t\t\t<p><span style=\"text-decoration: underline;\">Takto jednoducho z\u00edskate z\u013eavu:<\/span><\/p><p><b>1.<span data-teams=\"true\">Zak\u00fapte si online 4 kusy letn\u00fdch alebo celoro\u010dn\u00fdch pneumat\u00edk akejko\u013evek zna\u010dky na str\u00e1nke gumy.eu.<\/span><\/b><\/p><p><b>2.<\/b><strong>Pri n\u00e1kupe si rezervujte term\u00edn v na\u0161ich servisoch a pou\u017eite kup\u00f3nov\u00fd k\u00f3d ROZBEH.<\/strong><\/p><p><strong>Z\u013eavu je mo\u017en\u00e9 uplatni\u0165 na slu\u017ebu mont\u00e1\u017ee pneumat\u00edk v obdob\u00ed 16. marca 2026 \u2013 31. m\u00e1ja 2026.<\/strong><\/p><p>Spolo\u010dnos\u0165 ARS si vyhradzuje pr\u00e1vo zru\u0161i\u0165 uveden\u00fa z\u013eavu v pr\u00edpade rezerv\u00e1cie term\u00ednu mimo uveden\u00e9ho promo\u010dn\u00e9ho obdobia.<\/p>\t\t\t\t\t<\/div>\n\t\t\t\t\t\t<\/div>\n\t\t\t\t<\/div>\n\t\t\t\t<div class=\"elementor-element elementor-element-5522b1e8 elementor-widget elementor-widget-image\" data-id=\"5522b1e8\" data-element_type=\"widget\" data-widget_type=\"image.default\">\n\t\t\t\t<div class=\"elementor-widget-container\">\n\t\t\t\t\t\t\t\t<div class=\"elementor-image\">\n\t\t\t\t\t\t\t\t\t\t\t\t<img decoding=\"async\" width=\"1024\" height=\"1024\" src=\"https:\/\/gumy.eu\/znacky-pneumatik\/wp-content\/uploads\/2026\/03\/ars-gumyeu-1024x1024.png\" class=\"attachment-large size-large\" alt=\"\" loading=\"lazy\" srcset=\"https:\/\/gumy.eu\/znacky-pneumatik\/wp-content\/uploads\/2026\/03\/ars-gumyeu-1024x1024.png 1024w, https:\/\/gumy.eu\/znacky-pneumatik\/wp-content\/uploads\/2026\/03\/ars-gumyeu-300x300.png 300w, https:\/\/gumy.eu\/znacky-pneumatik\/wp-content\/uploads\/2026\/03\/ars-gumyeu-150x150.png 150w, https:\/\/gumy.eu\/znacky-pneumatik\/wp-content\/uploads\/2026\/03\/ars-gumyeu-768x768.png 768w, https:\/\/gumy.eu\/znacky-pneumatik\/wp-content\/uploads\/2026\/03\/ars-gumyeu.png 1200w\" sizes=\"(max-width: 1024px) 100vw, 1024px\" \/>\t\t\t\t\t\t\t\t\t\t\t\t\t\t<\/div>\n\t\t\t\t\t\t<\/div>\n\t\t\t\t<\/div>\n\t\t\t\t<div class=\"elementor-element elementor-element-f16daac elementor-widget elementor-widget-text-editor\" data-id=\"f16daac\" data-element_type=\"widget\" data-widget_type=\"text-editor.default\">\n\t\t\t\t<div class=\"elementor-widget-container\">\n\t\t\t\t\t\t\t\t<div class=\"elementor-text-editor elementor-clearfix\">\n\t\t\t\t<p>\u00a9 gumy.eu\u00a0V\u0161etky pr\u00e1va vyhraden\u00e9!<\/p>\t\t\t\t\t<\/div>\n\t\t\t\t\t\t<\/div>\n\t\t\t\t<\/div>\n\t\t\t\t\t\t<\/div>\n\t\t\t\t\t<\/div>\n\t\t<\/div>\n\t\t\t\t\t\t\t\t<\/div>\n\t\t\t\t\t<\/div>\n\t\t<\/section>\n\t\t\t\t\t\t\t\t\t<\/div>\n\t\t\t<\/div>\n\t\t\t\t\t<\/div>\n\t\t","protected":false},"excerpt":{"rendered":"<p>Pou\u017eite kup\u00f3nov\u00fd k\u00f3d ROZBEH a z\u00edskajte z\u013eavu na mont\u00e1\u017e pneumat\u00edk! K\u00fapte 4 ks letn\u00fdch alebo celoro\u010dn\u00fdch pneumat\u00edk a z\u00edskajte z\u013eavu a\u017e 20 \u20ac na mont\u00e1\u017e s kup\u00f3nov\u00fdm k\u00f3dom ROZBEH Vyberte si z na\u0161ej \u0161irokej ponuky letn\u00fdch a celoro\u010dn\u00fdch pneumat\u00edk. Pri k\u00fape 4 kusov z\u00edskate so z\u013eavov\u00fdm k\u00f3dom ROZBEH z\u013eavu 20 \u20ac na mont\u00e1\u017e. VYBRA\u0164 SI &#8230; <a title=\"Letn\u00e9 &#8211; Celoro\u010dn\u00e9 &#8211; vymena-pneu\" class=\"read-more\" href=\"https:\/\/gumy.eu\/znacky-pneumatik\/letne-celorocne-vymena-pneu\/\" aria-label=\"More on Letn\u00e9 &#8211; Celoro\u010dn\u00e9 &#8211; vymena-pneu\">Read more<\/a><\/p>\n","protected":false},"author":14,"featured_media":0,"parent":0,"menu_order":0,"comment_status":"closed","ping_status":"closed","template":"elementor_canvas","meta":[],"yoast_head":"<!-- This site is optimized with the Yoast SEO plugin v19.2 - https:\/\/yoast.com\/wordpress\/plugins\/seo\/ -->\n<title>Letn\u00e9 - Celoro\u010dn\u00e9 - vymena-pneu - Zna\u010dky pneumatik<\/title>\n<meta name=\"robots\" content=\"index, follow, max-snippet:-1, max-image-preview:large, max-video-preview:-1\" \/>\n<link rel=\"canonical\" href=\"https:\/\/gumy.eu\/znacky-pneumatik\/letne-celorocne-vymena-pneu\/\" \/>\n<meta property=\"og:locale\" content=\"en_US\" \/>\n<meta property=\"og:type\" content=\"article\" \/>\n<meta property=\"og:title\" content=\"Letn\u00e9 - Celoro\u010dn\u00e9 - vymena-pneu - Zna\u010dky pneumatik\" \/>\n<meta property=\"og:description\" content=\"Pou\u017eite kup\u00f3nov\u00fd k\u00f3d ROZBEH a z\u00edskajte z\u013eavu na mont\u00e1\u017e pneumat\u00edk! K\u00fapte 4 ks letn\u00fdch alebo celoro\u010dn\u00fdch pneumat\u00edk a z\u00edskajte z\u013eavu a\u017e 20 \u20ac na mont\u00e1\u017e s kup\u00f3nov\u00fdm k\u00f3dom ROZBEH Vyberte si z na\u0161ej \u0161irokej ponuky letn\u00fdch a celoro\u010dn\u00fdch pneumat\u00edk. Pri k\u00fape 4 kusov z\u00edskate so z\u013eavov\u00fdm k\u00f3dom ROZBEH z\u013eavu 20 \u20ac na mont\u00e1\u017e. VYBRA\u0164 SI ... Read more\" \/>\n<meta property=\"og:url\" content=\"https:\/\/gumy.eu\/znacky-pneumatik\/letne-celorocne-vymena-pneu\/\" \/>\n<meta property=\"og:site_name\" content=\"Zna\u010dky pneumatik\" \/>\n<meta property=\"article:publisher\" content=\"https:\/\/www.facebook.com\/gumy.eu\/\" \/>\n<meta property=\"article:modified_time\" content=\"2026-04-29T05:29:30+00:00\" \/>\n<meta property=\"og:image\" content=\"https:\/\/gumy.eu\/znacky-pneumatik\/wp-content\/uploads\/2026\/03\/ars-gumyeu-1024x1024.png\" \/>\n<meta name=\"author\" content=\"annaj\" \/>\n<meta name=\"twitter:card\" content=\"summary_large_image\" \/>\n<meta name=\"twitter:label1\" content=\"Est. reading time\" \/>\n\t<meta name=\"twitter:data1\" content=\"1 minute\" \/>\n<script type=\"application\/ld+json\" class=\"yoast-schema-graph\">{\"@context\":\"https:\/\/schema.org\",\"@graph\":[{\"@type\":\"WebSite\",\"@id\":\"https:\/\/gumy.eu\/znacky-pneumatik\/#website\",\"url\":\"https:\/\/gumy.eu\/znacky-pneumatik\/\",\"name\":\"Zna\u010dky pneumatik\",\"description\":\"Gumy.eu\",\"potentialAction\":[{\"@type\":\"SearchAction\",\"target\":{\"@type\":\"EntryPoint\",\"urlTemplate\":\"https:\/\/gumy.eu\/znacky-pneumatik\/?s={search_term_string}\"},\"query-input\":\"required name=search_term_string\"}],\"inLanguage\":\"en-US\"},{\"@type\":\"ImageObject\",\"inLanguage\":\"en-US\",\"@id\":\"https:\/\/gumy.eu\/znacky-pneumatik\/letne-celorocne-vymena-pneu\/#primaryimage\",\"url\":\"https:\/\/gumy.eu\/znacky-pneumatik\/wp-content\/uploads\/2026\/03\/ars-gumyeu.png\",\"contentUrl\":\"https:\/\/gumy.eu\/znacky-pneumatik\/wp-content\/uploads\/2026\/03\/ars-gumyeu.png\",\"width\":1200,\"height\":1200},{\"@type\":\"WebPage\",\"@id\":\"https:\/\/gumy.eu\/znacky-pneumatik\/letne-celorocne-vymena-pneu\/#webpage\",\"url\":\"https:\/\/gumy.eu\/znacky-pneumatik\/letne-celorocne-vymena-pneu\/\",\"name\":\"Letn\u00e9 - Celoro\u010dn\u00e9 - vymena-pneu - Zna\u010dky pneumatik\",\"isPartOf\":{\"@id\":\"https:\/\/gumy.eu\/znacky-pneumatik\/#website\"},\"primaryImageOfPage\":{\"@id\":\"https:\/\/gumy.eu\/znacky-pneumatik\/letne-celorocne-vymena-pneu\/#primaryimage\"},\"datePublished\":\"2026-03-10T12:45:40+00:00\",\"dateModified\":\"2026-04-29T05:29:30+00:00\",\"breadcrumb\":{\"@id\":\"https:\/\/gumy.eu\/znacky-pneumatik\/letne-celorocne-vymena-pneu\/#breadcrumb\"},\"inLanguage\":\"en-US\",\"potentialAction\":[{\"@type\":\"ReadAction\",\"target\":[\"https:\/\/gumy.eu\/znacky-pneumatik\/letne-celorocne-vymena-pneu\/\"]}]},{\"@type\":\"BreadcrumbList\",\"@id\":\"https:\/\/gumy.eu\/znacky-pneumatik\/letne-celorocne-vymena-pneu\/#breadcrumb\",\"itemListElement\":[{\"@type\":\"ListItem\",\"position\":1,\"name\":\"Letn\u00e9 &#8211; Celoro\u010dn\u00e9 &#8211; vymena-pneu\"}]}]}<\/script>\n<!-- \/ Yoast SEO plugin. -->","yoast_head_json":{"title":"Letn\u00e9 - Celoro\u010dn\u00e9 - vymena-pneu - Zna\u010dky pneumatik","robots":{"index":"index","follow":"follow","max-snippet":"max-snippet:-1","max-image-preview":"max-image-preview:large","max-video-preview":"max-video-preview:-1"},"canonical":"https:\/\/gumy.eu\/znacky-pneumatik\/letne-celorocne-vymena-pneu\/","og_locale":"en_US","og_type":"article","og_title":"Letn\u00e9 - Celoro\u010dn\u00e9 - vymena-pneu - Zna\u010dky pneumatik","og_description":"Pou\u017eite kup\u00f3nov\u00fd k\u00f3d ROZBEH a z\u00edskajte z\u013eavu na mont\u00e1\u017e pneumat\u00edk! K\u00fapte 4 ks letn\u00fdch alebo celoro\u010dn\u00fdch pneumat\u00edk a z\u00edskajte z\u013eavu a\u017e 20 \u20ac na mont\u00e1\u017e s kup\u00f3nov\u00fdm k\u00f3dom ROZBEH Vyberte si z na\u0161ej \u0161irokej ponuky letn\u00fdch a celoro\u010dn\u00fdch pneumat\u00edk. Pri k\u00fape 4 kusov z\u00edskate so z\u013eavov\u00fdm k\u00f3dom ROZBEH z\u013eavu 20 \u20ac na mont\u00e1\u017e. VYBRA\u0164 SI ... Read more","og_url":"https:\/\/gumy.eu\/znacky-pneumatik\/letne-celorocne-vymena-pneu\/","og_site_name":"Zna\u010dky pneumatik","article_publisher":"https:\/\/www.facebook.com\/gumy.eu\/","article_modified_time":"2026-04-29T05:29:30+00:00","og_image":[{"url":"https:\/\/gumy.eu\/znacky-pneumatik\/wp-content\/uploads\/2026\/03\/ars-gumyeu-1024x1024.png"}],"author":"annaj","twitter_card":"summary_large_image","twitter_misc":{"Est. reading time":"1 minute"},"schema":{"@context":"https:\/\/schema.org","@graph":[{"@type":"WebSite","@id":"https:\/\/gumy.eu\/znacky-pneumatik\/#website","url":"https:\/\/gumy.eu\/znacky-pneumatik\/","name":"Zna\u010dky pneumatik","description":"Gumy.eu","potentialAction":[{"@type":"SearchAction","target":{"@type":"EntryPoint","urlTemplate":"https:\/\/gumy.eu\/znacky-pneumatik\/?s={search_term_string}"},"query-input":"required name=search_term_string"}],"inLanguage":"en-US"},{"@type":"ImageObject","inLanguage":"en-US","@id":"https:\/\/gumy.eu\/znacky-pneumatik\/letne-celorocne-vymena-pneu\/#primaryimage","url":"https:\/\/gumy.eu\/znacky-pneumatik\/wp-content\/uploads\/2026\/03\/ars-gumyeu.png","contentUrl":"https:\/\/gumy.eu\/znacky-pneumatik\/wp-content\/uploads\/2026\/03\/ars-gumyeu.png","width":1200,"height":1200},{"@type":"WebPage","@id":"https:\/\/gumy.eu\/znacky-pneumatik\/letne-celorocne-vymena-pneu\/#webpage","url":"https:\/\/gumy.eu\/znacky-pneumatik\/letne-celorocne-vymena-pneu\/","name":"Letn\u00e9 - Celoro\u010dn\u00e9 - vymena-pneu - Zna\u010dky pneumatik","isPartOf":{"@id":"https:\/\/gumy.eu\/znacky-pneumatik\/#website"},"primaryImageOfPage":{"@id":"https:\/\/gumy.eu\/znacky-pneumatik\/letne-celorocne-vymena-pneu\/#primaryimage"},"datePublished":"2026-03-10T12:45:40+00:00","dateModified":"2026-04-29T05:29:30+00:00","breadcrumb":{"@id":"https:\/\/gumy.eu\/znacky-pneumatik\/letne-celorocne-vymena-pneu\/#breadcrumb"},"inLanguage":"en-US","potentialAction":[{"@type":"ReadAction","target":["https:\/\/gumy.eu\/znacky-pneumatik\/letne-celorocne-vymena-pneu\/"]}]},{"@type":"BreadcrumbList","@id":"https:\/\/gumy.eu\/znacky-pneumatik\/letne-celorocne-vymena-pneu\/#breadcrumb","itemListElement":[{"@type":"ListItem","position":1,"name":"Letn\u00e9 &#8211; Celoro\u010dn\u00e9 &#8211; vymena-pneu"}]}]}},"_links":{"self":[{"href":"https:\/\/gumy.eu\/znacky-pneumatik\/wp-json\/wp\/v2\/pages\/10572"}],"collection":[{"href":"https:\/\/gumy.eu\/znacky-pneumatik\/wp-json\/wp\/v2\/pages"}],"about":[{"href":"https:\/\/gumy.eu\/znacky-pneumatik\/wp-json\/wp\/v2\/types\/page"}],"author":[{"embeddable":true,"href":"https:\/\/gumy.eu\/znacky-pneumatik\/wp-json\/wp\/v2\/users\/14"}],"replies":[{"embeddable":true,"href":"https:\/\/gumy.eu\/znacky-pneumatik\/wp-json\/wp\/v2\/comments?post=10572"}],"version-history":[{"count":48,"href":"https:\/\/gumy.eu\/znacky-pneumatik\/wp-json\/wp\/v2\/pages\/10572\/revisions"}],"predecessor-version":[{"id":10717,"href":"https:\/\/gumy.eu\/znacky-pneumatik\/wp-json\/wp\/v2\/pages\/10572\/revisions\/10717"}],"wp:attachment":[{"href":"https:\/\/gumy.eu\/znacky-pneumatik\/wp-json\/wp\/v2\/media?parent=10572"}],"curies":[{"name":"wp","href":"https:\/\/api.w.org\/{rel}","templated":true}]}}