{"id":10631,"date":"2026-03-20T11:55:31","date_gmt":"2026-03-20T11:55:31","guid":{"rendered":"https:\/\/gumy.eu\/znacky-pneumatik\/?page_id=10631"},"modified":"2026-03-20T12:09:54","modified_gmt":"2026-03-20T12:09:54","slug":"barumgarant","status":"publish","type":"page","link":"https:\/\/gumy.eu\/znacky-pneumatik\/barumgarant\/","title":{"rendered":"Barumgarant"},"content":{"rendered":"\t\t<div data-elementor-type=\"wp-page\" data-elementor-id=\"10631\" class=\"elementor elementor-10631\">\n\t\t\t\t\t\t<div class=\"elementor-inner\">\n\t\t\t\t<div class=\"elementor-section-wrap\">\n\t\t\t\t\t\t\t\t\t<section class=\"elementor-section elementor-top-section elementor-element elementor-element-d952096 elementor-section-boxed elementor-section-height-default elementor-section-height-default\" data-id=\"d952096\" data-element_type=\"section\" data-settings=\"{&quot;background_background&quot;:&quot;classic&quot;}\">\n\t\t\t\t\t\t<div class=\"elementor-container elementor-column-gap-default\">\n\t\t\t\t\t\t\t<div class=\"elementor-row\">\n\t\t\t\t\t<div class=\"elementor-column elementor-col-100 elementor-top-column elementor-element elementor-element-b1ae257\" data-id=\"b1ae257\" data-element_type=\"column\">\n\t\t\t<div class=\"elementor-column-wrap elementor-element-populated\">\n\t\t\t\t\t\t\t<div class=\"elementor-widget-wrap\">\n\t\t\t\t\t\t<div class=\"elementor-element elementor-element-b86b8de elementor-widget elementor-widget-image\" data-id=\"b86b8de\" data-element_type=\"widget\" data-widget_type=\"image.default\">\n\t\t\t\t<div class=\"elementor-widget-container\">\n\t\t\t\t\t\t\t\t<div class=\"elementor-image\">\n\t\t\t\t\t\t\t\t\t\t\t\t<img decoding=\"async\" width=\"1024\" height=\"165\" src=\"https:\/\/gumy.eu\/znacky-pneumatik\/wp-content\/uploads\/2026\/03\/Barum_logo_basic_CMYK-1024x165.png\" class=\"attachment-large size-large\" alt=\"\" loading=\"lazy\" srcset=\"https:\/\/gumy.eu\/znacky-pneumatik\/wp-content\/uploads\/2026\/03\/Barum_logo_basic_CMYK-1024x165.png 1024w, https:\/\/gumy.eu\/znacky-pneumatik\/wp-content\/uploads\/2026\/03\/Barum_logo_basic_CMYK-300x48.png 300w, https:\/\/gumy.eu\/znacky-pneumatik\/wp-content\/uploads\/2026\/03\/Barum_logo_basic_CMYK-768x123.png 768w, https:\/\/gumy.eu\/znacky-pneumatik\/wp-content\/uploads\/2026\/03\/Barum_logo_basic_CMYK-1536x247.png 1536w, https:\/\/gumy.eu\/znacky-pneumatik\/wp-content\/uploads\/2026\/03\/Barum_logo_basic_CMYK-2048x329.png 2048w\" sizes=\"(max-width: 1024px) 100vw, 1024px\" \/>\t\t\t\t\t\t\t\t\t\t\t\t\t\t<\/div>\n\t\t\t\t\t\t<\/div>\n\t\t\t\t<\/div>\n\t\t\t\t\t\t<\/div>\n\t\t\t\t\t<\/div>\n\t\t<\/div>\n\t\t\t\t\t\t\t\t<\/div>\n\t\t\t\t\t<\/div>\n\t\t<\/section>\n\t\t\t\t<section class=\"elementor-section elementor-top-section elementor-element elementor-element-02e0133 elementor-section-boxed elementor-section-height-default elementor-section-height-default\" data-id=\"02e0133\" data-element_type=\"section\" data-settings=\"{&quot;background_background&quot;:&quot;classic&quot;}\">\n\t\t\t\t\t\t<div class=\"elementor-container elementor-column-gap-default\">\n\t\t\t\t\t\t\t<div class=\"elementor-row\">\n\t\t\t\t\t<div class=\"elementor-column elementor-col-100 elementor-top-column elementor-element elementor-element-abc399a\" data-id=\"abc399a\" data-element_type=\"column\">\n\t\t\t<div class=\"elementor-column-wrap elementor-element-populated\">\n\t\t\t\t\t\t\t<div class=\"elementor-widget-wrap\">\n\t\t\t\t\t\t<div class=\"elementor-element elementor-element-eb9a32b elementor-widget elementor-widget-text-editor\" data-id=\"eb9a32b\" data-element_type=\"widget\" data-widget_type=\"text-editor.default\">\n\t\t\t\t<div class=\"elementor-widget-container\">\n\t\t\t\t\t\t\t\t<div class=\"elementor-text-editor elementor-clearfix\">\n\t\t\t\t<p><span style=\"color: var( --e-global-color-26298bd );\"><b>BarumGarant &#8211;\u00a0<\/b><\/span><span style=\"color: var( --e-global-color-26298bd );\">100% n\u00e1hrada pri po\u0161koden\u00ed pneumatiky<\/span><\/p>\t\t\t\t\t<\/div>\n\t\t\t\t\t\t<\/div>\n\t\t\t\t<\/div>\n\t\t\t\t\t\t<\/div>\n\t\t\t\t\t<\/div>\n\t\t<\/div>\n\t\t\t\t\t\t\t\t<\/div>\n\t\t\t\t\t<\/div>\n\t\t<\/section>\n\t\t\t\t<section class=\"elementor-section elementor-top-section elementor-element elementor-element-7d6d2942 elementor-section-boxed elementor-section-height-default elementor-section-height-default\" data-id=\"7d6d2942\" data-element_type=\"section\" data-settings=\"{&quot;background_background&quot;:&quot;classic&quot;}\">\n\t\t\t\t\t\t<div class=\"elementor-container elementor-column-gap-default\">\n\t\t\t\t\t\t\t<div class=\"elementor-row\">\n\t\t\t\t\t<div class=\"elementor-column elementor-col-50 elementor-top-column elementor-element elementor-element-30b231e2\" data-id=\"30b231e2\" data-element_type=\"column\">\n\t\t\t<div class=\"elementor-column-wrap elementor-element-populated\">\n\t\t\t\t\t\t\t<div class=\"elementor-widget-wrap\">\n\t\t\t\t\t\t<div class=\"elementor-element elementor-element-5d888801 elementor-position-right elementor-vertical-align-top elementor-widget elementor-widget-image-box\" data-id=\"5d888801\" data-element_type=\"widget\" data-widget_type=\"image-box.default\">\n\t\t\t\t<div class=\"elementor-widget-container\">\n\t\t\t<div class=\"elementor-image-box-wrapper\"><div class=\"elementor-image-box-content\"><h2 class=\"elementor-image-box-title\"><a href=\"https:\/\/gumi.hu\/autogumi?season=N%2CNEGY\" target=\"_blank\"><span style=\"font-size: 30px;\">\u010co je BarumGarant<\/span><\/a><\/h2><p class=\"elementor-image-box-description\"><span style=\"font-size: 18px;\">BarumGarant je najlep\u0161ia roz\u0161\u00edren\u00e1 z\u00e1ruka na pneumatiky Barum. <br><br>\n\nProgram je ur\u010den\u00fd pre u\u017e\u00edvate\u013eov osobn\u00fdch pneumat\u00edk 6. gener\u00e1cie Barum - <b>BRAVURIS 6 a POLARIS 6<\/b>.<br><br>\n\nV pr\u00edpade neopravite\u013en\u00e9ho po\u0161kodenia garantuje vr\u00e1tenie plnej n\u00e1kupnej ceny.<br><br>\n\nRegistr\u00e1cia do programu mus\u00ed by\u0165 vykonan\u00e1 do 30 dn\u00ed od obutia pneumat\u00edk na vozidlo, garanciu je mo\u017en\u00e9 uplatni\u0165 po dobu 12 mesiacov od d\u00e1tumu prv\u00e9ho obutia pneumatiky na vozidlo.<\/span><\/p><\/div><\/div>\t\t<\/div>\n\t\t\t\t<\/div>\n\t\t\t\t<div class=\"elementor-element elementor-element-56e6fefb elementor-button-success elementor-align-center elementor-widget elementor-widget-button\" data-id=\"56e6fefb\" data-element_type=\"widget\" data-widget_type=\"button.default\">\n\t\t\t\t<div class=\"elementor-widget-container\">\n\t\t\t\t\t<div class=\"elementor-button-wrapper\">\n\t\t\t<a href=\"https:\/\/www.barumgarant.sk\/personal\/\" target=\"_blank\" class=\"elementor-button-link elementor-button elementor-size-lg elementor-animation-pulse-grow\" role=\"button\">\n\t\t\t\t\t\t<span class=\"elementor-button-content-wrapper\">\n\t\t\t\t\t\t<span class=\"elementor-button-text\">Viac info<\/span>\n\t\t<\/span>\n\t\t\t\t\t<\/a>\n\t\t<\/div>\n\t\t\t\t<\/div>\n\t\t\t\t<\/div>\n\t\t\t\t\t\t<\/div>\n\t\t\t\t\t<\/div>\n\t\t<\/div>\n\t\t\t\t<div class=\"elementor-column elementor-col-50 elementor-top-column elementor-element elementor-element-1d916ce\" data-id=\"1d916ce\" data-element_type=\"column\">\n\t\t\t<div class=\"elementor-column-wrap elementor-element-populated\">\n\t\t\t\t\t\t\t<div class=\"elementor-widget-wrap\">\n\t\t\t\t\t\t<div class=\"elementor-element elementor-element-b890f8d elementor-widget elementor-widget-image\" data-id=\"b890f8d\" data-element_type=\"widget\" data-widget_type=\"image.default\">\n\t\t\t\t<div class=\"elementor-widget-container\">\n\t\t\t\t\t\t\t\t<div class=\"elementor-image\">\n\t\t\t\t\t\t\t\t\t\t\t\t<img decoding=\"async\" width=\"1024\" height=\"576\" src=\"https:\/\/gumy.eu\/znacky-pneumatik\/wp-content\/uploads\/2026\/03\/BA_KeyVisual2_BRAVURIS6_1920x1080pix_RGB-1024x576.jpg\" class=\"attachment-large size-large\" alt=\"\" loading=\"lazy\" srcset=\"https:\/\/gumy.eu\/znacky-pneumatik\/wp-content\/uploads\/2026\/03\/BA_KeyVisual2_BRAVURIS6_1920x1080pix_RGB-1024x576.jpg 1024w, https:\/\/gumy.eu\/znacky-pneumatik\/wp-content\/uploads\/2026\/03\/BA_KeyVisual2_BRAVURIS6_1920x1080pix_RGB-300x169.jpg 300w, https:\/\/gumy.eu\/znacky-pneumatik\/wp-content\/uploads\/2026\/03\/BA_KeyVisual2_BRAVURIS6_1920x1080pix_RGB-768x432.jpg 768w, https:\/\/gumy.eu\/znacky-pneumatik\/wp-content\/uploads\/2026\/03\/BA_KeyVisual2_BRAVURIS6_1920x1080pix_RGB-1536x864.jpg 1536w, https:\/\/gumy.eu\/znacky-pneumatik\/wp-content\/uploads\/2026\/03\/BA_KeyVisual2_BRAVURIS6_1920x1080pix_RGB-2048x1152.jpg 2048w\" sizes=\"(max-width: 1024px) 100vw, 1024px\" \/>\t\t\t\t\t\t\t\t\t\t\t\t\t\t<\/div>\n\t\t\t\t\t\t<\/div>\n\t\t\t\t<\/div>\n\t\t\t\t<div class=\"elementor-element elementor-element-158867e elementor-button-success elementor-align-center elementor-widget elementor-widget-button\" data-id=\"158867e\" data-element_type=\"widget\" data-widget_type=\"button.default\">\n\t\t\t\t<div class=\"elementor-widget-container\">\n\t\t\t\t\t<div class=\"elementor-button-wrapper\">\n\t\t\t<a href=\"https:\/\/gumy.eu\/products\/search\/keyword?query=BRAVURIS+6\" target=\"_blank\" class=\"elementor-button-link elementor-button elementor-size-lg elementor-animation-pulse-grow\" role=\"button\">\n\t\t\t\t\t\t<span class=\"elementor-button-content-wrapper\">\n\t\t\t\t\t\t<span class=\"elementor-button-text\">BARUM BRAVURIS 6<\/span>\n\t\t<\/span>\n\t\t\t\t\t<\/a>\n\t\t<\/div>\n\t\t\t\t<\/div>\n\t\t\t\t<\/div>\n\t\t\t\t<div class=\"elementor-element elementor-element-abd1e1a elementor-button-success elementor-align-center elementor-widget elementor-widget-button\" data-id=\"abd1e1a\" data-element_type=\"widget\" data-widget_type=\"button.default\">\n\t\t\t\t<div class=\"elementor-widget-container\">\n\t\t\t\t\t<div class=\"elementor-button-wrapper\">\n\t\t\t<a href=\"https:\/\/gumy.eu\/products\/search\/keyword?query=POLARIS+6\" target=\"_blank\" class=\"elementor-button-link elementor-button elementor-size-lg elementor-animation-pulse-grow\" role=\"button\">\n\t\t\t\t\t\t<span class=\"elementor-button-content-wrapper\">\n\t\t\t\t\t\t<span class=\"elementor-button-text\">BARUM POLARIS 6<\/span>\n\t\t<\/span>\n\t\t\t\t\t<\/a>\n\t\t<\/div>\n\t\t\t\t<\/div>\n\t\t\t\t<\/div>\n\t\t\t\t\t\t<\/div>\n\t\t\t\t\t<\/div>\n\t\t<\/div>\n\t\t\t\t\t\t\t\t<\/div>\n\t\t\t\t\t<\/div>\n\t\t<\/section>\n\t\t\t\t\t\t\t\t\t<\/div>\n\t\t\t<\/div>\n\t\t\t\t\t<\/div>\n\t\t","protected":false},"excerpt":{"rendered":"<p>BarumGarant &#8211;\u00a0100% n\u00e1hrada pri po\u0161koden\u00ed pneumatiky \u010co je BarumGarant BarumGarant je najlep\u0161ia roz\u0161\u00edren\u00e1 z\u00e1ruka na pneumatiky Barum. Program je ur\u010den\u00fd pre u\u017e\u00edvate\u013eov osobn\u00fdch pneumat\u00edk 6. gener\u00e1cie Barum &#8211; BRAVURIS 6 a POLARIS 6. V pr\u00edpade neopravite\u013en\u00e9ho po\u0161kodenia garantuje vr\u00e1tenie plnej n\u00e1kupnej ceny. Registr\u00e1cia do programu mus\u00ed by\u0165 vykonan\u00e1 do 30 dn\u00ed od obutia pneumat\u00edk na &#8230; <a title=\"Barumgarant\" class=\"read-more\" href=\"https:\/\/gumy.eu\/znacky-pneumatik\/barumgarant\/\" aria-label=\"More on Barumgarant\">Read more<\/a><\/p>\n","protected":false},"author":13,"featured_media":0,"parent":0,"menu_order":0,"comment_status":"closed","ping_status":"closed","template":"elementor_canvas","meta":[],"yoast_head":"<!-- This site is optimized with the Yoast SEO plugin v19.2 - https:\/\/yoast.com\/wordpress\/plugins\/seo\/ -->\n<title>Barumgarant - Zna\u010dky pneumatik<\/title>\n<meta name=\"robots\" content=\"index, follow, max-snippet:-1, max-image-preview:large, max-video-preview:-1\" \/>\n<link rel=\"canonical\" href=\"https:\/\/gumy.eu\/znacky-pneumatik\/barumgarant\/\" \/>\n<meta property=\"og:locale\" content=\"en_US\" \/>\n<meta property=\"og:type\" content=\"article\" \/>\n<meta property=\"og:title\" content=\"Barumgarant - Zna\u010dky pneumatik\" \/>\n<meta property=\"og:description\" content=\"BarumGarant &#8211;\u00a0100% n\u00e1hrada pri po\u0161koden\u00ed pneumatiky \u010co je BarumGarant BarumGarant je najlep\u0161ia roz\u0161\u00edren\u00e1 z\u00e1ruka na pneumatiky Barum. Program je ur\u010den\u00fd pre u\u017e\u00edvate\u013eov osobn\u00fdch pneumat\u00edk 6. gener\u00e1cie Barum &#8211; BRAVURIS 6 a POLARIS 6. V pr\u00edpade neopravite\u013en\u00e9ho po\u0161kodenia garantuje vr\u00e1tenie plnej n\u00e1kupnej ceny. Registr\u00e1cia do programu mus\u00ed by\u0165 vykonan\u00e1 do 30 dn\u00ed od obutia pneumat\u00edk na ... Read more\" \/>\n<meta property=\"og:url\" content=\"https:\/\/gumy.eu\/znacky-pneumatik\/barumgarant\/\" \/>\n<meta property=\"og:site_name\" content=\"Zna\u010dky pneumatik\" \/>\n<meta property=\"article:publisher\" content=\"https:\/\/www.facebook.com\/gumy.eu\/\" \/>\n<meta property=\"article:modified_time\" content=\"2026-03-20T12:09:54+00:00\" \/>\n<meta property=\"og:image\" content=\"https:\/\/gumy.eu\/znacky-pneumatik\/wp-content\/uploads\/2026\/03\/Barum_logo_basic_CMYK-1024x165.png\" \/>\n<meta name=\"author\" content=\"marketing\" \/>\n<meta name=\"twitter:card\" content=\"summary_large_image\" \/>\n<script type=\"application\/ld+json\" class=\"yoast-schema-graph\">{\"@context\":\"https:\/\/schema.org\",\"@graph\":[{\"@type\":\"WebSite\",\"@id\":\"https:\/\/gumy.eu\/znacky-pneumatik\/#website\",\"url\":\"https:\/\/gumy.eu\/znacky-pneumatik\/\",\"name\":\"Zna\u010dky pneumatik\",\"description\":\"Gumy.eu\",\"potentialAction\":[{\"@type\":\"SearchAction\",\"target\":{\"@type\":\"EntryPoint\",\"urlTemplate\":\"https:\/\/gumy.eu\/znacky-pneumatik\/?s={search_term_string}\"},\"query-input\":\"required name=search_term_string\"}],\"inLanguage\":\"en-US\"},{\"@type\":\"ImageObject\",\"inLanguage\":\"en-US\",\"@id\":\"https:\/\/gumy.eu\/znacky-pneumatik\/barumgarant\/#primaryimage\",\"url\":\"https:\/\/gumy.eu\/znacky-pneumatik\/wp-content\/uploads\/2026\/03\/Barum_logo_basic_CMYK.png\",\"contentUrl\":\"https:\/\/gumy.eu\/znacky-pneumatik\/wp-content\/uploads\/2026\/03\/Barum_logo_basic_CMYK.png\",\"width\":18663,\"height\":3000},{\"@type\":\"WebPage\",\"@id\":\"https:\/\/gumy.eu\/znacky-pneumatik\/barumgarant\/#webpage\",\"url\":\"https:\/\/gumy.eu\/znacky-pneumatik\/barumgarant\/\",\"name\":\"Barumgarant - Zna\u010dky pneumatik\",\"isPartOf\":{\"@id\":\"https:\/\/gumy.eu\/znacky-pneumatik\/#website\"},\"primaryImageOfPage\":{\"@id\":\"https:\/\/gumy.eu\/znacky-pneumatik\/barumgarant\/#primaryimage\"},\"datePublished\":\"2026-03-20T11:55:31+00:00\",\"dateModified\":\"2026-03-20T12:09:54+00:00\",\"breadcrumb\":{\"@id\":\"https:\/\/gumy.eu\/znacky-pneumatik\/barumgarant\/#breadcrumb\"},\"inLanguage\":\"en-US\",\"potentialAction\":[{\"@type\":\"ReadAction\",\"target\":[\"https:\/\/gumy.eu\/znacky-pneumatik\/barumgarant\/\"]}]},{\"@type\":\"BreadcrumbList\",\"@id\":\"https:\/\/gumy.eu\/znacky-pneumatik\/barumgarant\/#breadcrumb\",\"itemListElement\":[{\"@type\":\"ListItem\",\"position\":1,\"name\":\"Barumgarant\"}]}]}<\/script>\n<!-- \/ Yoast SEO plugin. -->","yoast_head_json":{"title":"Barumgarant - Zna\u010dky pneumatik","robots":{"index":"index","follow":"follow","max-snippet":"max-snippet:-1","max-image-preview":"max-image-preview:large","max-video-preview":"max-video-preview:-1"},"canonical":"https:\/\/gumy.eu\/znacky-pneumatik\/barumgarant\/","og_locale":"en_US","og_type":"article","og_title":"Barumgarant - Zna\u010dky pneumatik","og_description":"BarumGarant &#8211;\u00a0100% n\u00e1hrada pri po\u0161koden\u00ed pneumatiky \u010co je BarumGarant BarumGarant je najlep\u0161ia roz\u0161\u00edren\u00e1 z\u00e1ruka na pneumatiky Barum. Program je ur\u010den\u00fd pre u\u017e\u00edvate\u013eov osobn\u00fdch pneumat\u00edk 6. gener\u00e1cie Barum &#8211; BRAVURIS 6 a POLARIS 6. V pr\u00edpade neopravite\u013en\u00e9ho po\u0161kodenia garantuje vr\u00e1tenie plnej n\u00e1kupnej ceny. Registr\u00e1cia do programu mus\u00ed by\u0165 vykonan\u00e1 do 30 dn\u00ed od obutia pneumat\u00edk na ... Read more","og_url":"https:\/\/gumy.eu\/znacky-pneumatik\/barumgarant\/","og_site_name":"Zna\u010dky pneumatik","article_publisher":"https:\/\/www.facebook.com\/gumy.eu\/","article_modified_time":"2026-03-20T12:09:54+00:00","og_image":[{"url":"https:\/\/gumy.eu\/znacky-pneumatik\/wp-content\/uploads\/2026\/03\/Barum_logo_basic_CMYK-1024x165.png"}],"author":"marketing","twitter_card":"summary_large_image","schema":{"@context":"https:\/\/schema.org","@graph":[{"@type":"WebSite","@id":"https:\/\/gumy.eu\/znacky-pneumatik\/#website","url":"https:\/\/gumy.eu\/znacky-pneumatik\/","name":"Zna\u010dky pneumatik","description":"Gumy.eu","potentialAction":[{"@type":"SearchAction","target":{"@type":"EntryPoint","urlTemplate":"https:\/\/gumy.eu\/znacky-pneumatik\/?s={search_term_string}"},"query-input":"required name=search_term_string"}],"inLanguage":"en-US"},{"@type":"ImageObject","inLanguage":"en-US","@id":"https:\/\/gumy.eu\/znacky-pneumatik\/barumgarant\/#primaryimage","url":"https:\/\/gumy.eu\/znacky-pneumatik\/wp-content\/uploads\/2026\/03\/Barum_logo_basic_CMYK.png","contentUrl":"https:\/\/gumy.eu\/znacky-pneumatik\/wp-content\/uploads\/2026\/03\/Barum_logo_basic_CMYK.png","width":18663,"height":3000},{"@type":"WebPage","@id":"https:\/\/gumy.eu\/znacky-pneumatik\/barumgarant\/#webpage","url":"https:\/\/gumy.eu\/znacky-pneumatik\/barumgarant\/","name":"Barumgarant - Zna\u010dky pneumatik","isPartOf":{"@id":"https:\/\/gumy.eu\/znacky-pneumatik\/#website"},"primaryImageOfPage":{"@id":"https:\/\/gumy.eu\/znacky-pneumatik\/barumgarant\/#primaryimage"},"datePublished":"2026-03-20T11:55:31+00:00","dateModified":"2026-03-20T12:09:54+00:00","breadcrumb":{"@id":"https:\/\/gumy.eu\/znacky-pneumatik\/barumgarant\/#breadcrumb"},"inLanguage":"en-US","potentialAction":[{"@type":"ReadAction","target":["https:\/\/gumy.eu\/znacky-pneumatik\/barumgarant\/"]}]},{"@type":"BreadcrumbList","@id":"https:\/\/gumy.eu\/znacky-pneumatik\/barumgarant\/#breadcrumb","itemListElement":[{"@type":"ListItem","position":1,"name":"Barumgarant"}]}]}},"_links":{"self":[{"href":"https:\/\/gumy.eu\/znacky-pneumatik\/wp-json\/wp\/v2\/pages\/10631"}],"collection":[{"href":"https:\/\/gumy.eu\/znacky-pneumatik\/wp-json\/wp\/v2\/pages"}],"about":[{"href":"https:\/\/gumy.eu\/znacky-pneumatik\/wp-json\/wp\/v2\/types\/page"}],"author":[{"embeddable":true,"href":"https:\/\/gumy.eu\/znacky-pneumatik\/wp-json\/wp\/v2\/users\/13"}],"replies":[{"embeddable":true,"href":"https:\/\/gumy.eu\/znacky-pneumatik\/wp-json\/wp\/v2\/comments?post=10631"}],"version-history":[{"count":20,"href":"https:\/\/gumy.eu\/znacky-pneumatik\/wp-json\/wp\/v2\/pages\/10631\/revisions"}],"predecessor-version":[{"id":10669,"href":"https:\/\/gumy.eu\/znacky-pneumatik\/wp-json\/wp\/v2\/pages\/10631\/revisions\/10669"}],"wp:attachment":[{"href":"https:\/\/gumy.eu\/znacky-pneumatik\/wp-json\/wp\/v2\/media?parent=10631"}],"curies":[{"name":"wp","href":"https:\/\/api.w.org\/{rel}","templated":true}]}}