{"id":10646,"date":"2026-03-19T12:11:09","date_gmt":"2026-03-19T12:11:09","guid":{"rendered":"https:\/\/gumy.eu\/znacky-pneumatik\/?page_id=10646"},"modified":"2026-03-19T12:20:12","modified_gmt":"2026-03-19T12:20:12","slug":"kumho-2026-leto","status":"publish","type":"page","link":"https:\/\/gumy.eu\/znacky-pneumatik\/kumho-2026-leto\/","title":{"rendered":"kumho 2026 leto"},"content":{"rendered":"\t\t<div data-elementor-type=\"wp-page\" data-elementor-id=\"10646\" class=\"elementor elementor-10646\">\n\t\t\t\t\t\t<div class=\"elementor-inner\">\n\t\t\t\t<div class=\"elementor-section-wrap\">\n\t\t\t\t\t\t\t\t\t<section class=\"elementor-section elementor-top-section elementor-element elementor-element-7a197e61 elementor-section-boxed elementor-section-height-default elementor-section-height-default\" data-id=\"7a197e61\" data-element_type=\"section\">\n\t\t\t\t\t\t<div class=\"elementor-container elementor-column-gap-default\">\n\t\t\t\t\t\t\t<div class=\"elementor-row\">\n\t\t\t\t\t<div class=\"elementor-column elementor-col-100 elementor-top-column elementor-element elementor-element-72fdee8a\" data-id=\"72fdee8a\" data-element_type=\"column\">\n\t\t\t<div class=\"elementor-column-wrap elementor-element-populated\">\n\t\t\t\t\t\t\t<div class=\"elementor-widget-wrap\">\n\t\t\t\t\t\t<div class=\"elementor-element elementor-element-1948827d elementor-widget elementor-widget-html\" data-id=\"1948827d\" data-element_type=\"widget\" data-widget_type=\"html.default\">\n\t\t\t\t<div class=\"elementor-widget-container\">\n\t\t\t <!-- Google Tag Manager -->\r\n    <script>(function (w, d, s, l, i) {\r\n                w[l] = w[l] || [];\r\n                w[l].push({\r\n                    'gtm.start':\r\n                        new Date().getTime(), event: 'gtm.js'\r\n                });\r\n                var f = d.getElementsByTagName(s)[0],\r\n                    j = d.createElement(s), dl = l != 'dataLayer' ? '&l=' + l : '';\r\n                j.async = true;\r\n                j.src =\r\n                    'https:\/\/www.googletagmanager.com\/gtm.js?id=' + i + dl;\r\n                f.parentNode.insertBefore(j, f);\r\n            })(window, document, 'script', 'dataLayer', 'GTM-5BVBK9T');\r\n    <\/script>\r\n    <!-- End Google Tag Manager -->\r\n\t<!-- Google Tag Manager (noscript) -->\r\n\t<noscript>\r\n\t\t<iframe loading=\"lazy\" src=\"https:\/\/www.googletagmanager.com\/ns.html?id=GTM-5BVBK9T\" height=\"0\" width=\"0\" style=\"display:none;visibility:hidden\"><\/iframe>\r\n\t<\/noscript>\r\n\t<!-- End Google Tag Manager (noscript) -->\t\t<\/div>\n\t\t\t\t<\/div>\n\t\t\t\t\t\t<\/div>\n\t\t\t\t\t<\/div>\n\t\t<\/div>\n\t\t\t\t\t\t\t\t<\/div>\n\t\t\t\t\t<\/div>\n\t\t<\/section>\n\t\t\t\t<section class=\"elementor-section elementor-top-section elementor-element elementor-element-384bb295 elementor-section-content-middle elementor-section-boxed elementor-section-height-default elementor-section-height-default\" data-id=\"384bb295\" data-element_type=\"section\" data-settings=\"{&quot;background_background&quot;:&quot;classic&quot;}\">\n\t\t\t\t\t\t<div class=\"elementor-container elementor-column-gap-no\">\n\t\t\t\t\t\t\t<div class=\"elementor-row\">\n\t\t\t\t\t<div class=\"elementor-column elementor-col-100 elementor-top-column elementor-element elementor-element-31efb446\" data-id=\"31efb446\" data-element_type=\"column\">\n\t\t\t<div class=\"elementor-column-wrap elementor-element-populated\">\n\t\t\t\t\t\t\t<div class=\"elementor-widget-wrap\">\n\t\t\t\t\t\t<div class=\"elementor-element elementor-element-740ecbaa elementor-widget elementor-widget-image\" data-id=\"740ecbaa\" data-element_type=\"widget\" data-widget_type=\"image.default\">\n\t\t\t\t<div class=\"elementor-widget-container\">\n\t\t\t\t\t\t\t\t<div class=\"elementor-image\">\n\t\t\t\t\t\t\t\t\t\t\t\t<img decoding=\"async\" width=\"1024\" height=\"385\" src=\"https:\/\/gumy.eu\/znacky-pneumatik\/wp-content\/uploads\/2025\/04\/KUMHO-TIRE_CI_B_auf-rot-1024x385.jpg\" class=\"attachment-large size-large\" alt=\"\" loading=\"lazy\" srcset=\"https:\/\/gumy.eu\/znacky-pneumatik\/wp-content\/uploads\/2025\/04\/KUMHO-TIRE_CI_B_auf-rot-1024x385.jpg 1024w, https:\/\/gumy.eu\/znacky-pneumatik\/wp-content\/uploads\/2025\/04\/KUMHO-TIRE_CI_B_auf-rot-300x113.jpg 300w, https:\/\/gumy.eu\/znacky-pneumatik\/wp-content\/uploads\/2025\/04\/KUMHO-TIRE_CI_B_auf-rot-768x289.jpg 768w, https:\/\/gumy.eu\/znacky-pneumatik\/wp-content\/uploads\/2025\/04\/KUMHO-TIRE_CI_B_auf-rot.jpg 1418w\" sizes=\"(max-width: 1024px) 100vw, 1024px\" \/>\t\t\t\t\t\t\t\t\t\t\t\t\t\t<\/div>\n\t\t\t\t\t\t<\/div>\n\t\t\t\t<\/div>\n\t\t\t\t<div class=\"elementor-element elementor-element-6cbb399e elementor-widget elementor-widget-heading\" data-id=\"6cbb399e\" data-element_type=\"widget\" data-widget_type=\"heading.default\">\n\t\t\t\t<div class=\"elementor-widget-container\">\n\t\t\t<h4 class=\"elementor-heading-title elementor-size-default\">K pneumatik\u00e1m KUMHO v\u00e1m pribal\u00edme atmosf\u00e9ru leta!<\/h4>\t\t<\/div>\n\t\t\t\t<\/div>\n\t\t\t\t\t\t<\/div>\n\t\t\t\t\t<\/div>\n\t\t<\/div>\n\t\t\t\t\t\t\t\t<\/div>\n\t\t\t\t\t<\/div>\n\t\t<\/section>\n\t\t\t\t<section class=\"elementor-section elementor-top-section elementor-element elementor-element-69281ca2 elementor-section-content-middle elementor-section-boxed elementor-section-height-default elementor-section-height-default\" data-id=\"69281ca2\" data-element_type=\"section\">\n\t\t\t\t\t\t\t<div class=\"elementor-background-overlay\"><\/div>\n\t\t\t\t\t\t\t<div class=\"elementor-container elementor-column-gap-no\">\n\t\t\t\t\t\t\t<div class=\"elementor-row\">\n\t\t\t\t\t<div class=\"elementor-column elementor-col-100 elementor-top-column elementor-element elementor-element-5eb0e6dd\" data-id=\"5eb0e6dd\" data-element_type=\"column\">\n\t\t\t<div class=\"elementor-column-wrap elementor-element-populated\">\n\t\t\t\t\t\t\t<div class=\"elementor-widget-wrap\">\n\t\t\t\t\t\t<section class=\"elementor-section elementor-inner-section elementor-element elementor-element-7ad7c454 elementor-section-content-middle elementor-section-boxed elementor-section-height-default elementor-section-height-default\" data-id=\"7ad7c454\" data-element_type=\"section\">\n\t\t\t\t\t\t<div class=\"elementor-container elementor-column-gap-no\">\n\t\t\t\t\t\t\t<div class=\"elementor-row\">\n\t\t\t\t\t<div class=\"elementor-column elementor-col-100 elementor-inner-column elementor-element elementor-element-a5f9908\" data-id=\"a5f9908\" data-element_type=\"column\">\n\t\t\t<div class=\"elementor-column-wrap elementor-element-populated\">\n\t\t\t\t\t\t\t<div class=\"elementor-widget-wrap\">\n\t\t\t\t\t\t<div class=\"elementor-element elementor-element-774cd09c elementor-widget__width-initial elementor-widget elementor-widget-heading\" data-id=\"774cd09c\" data-element_type=\"widget\" data-widget_type=\"heading.default\">\n\t\t\t\t<div class=\"elementor-widget-container\">\n\t\t\t<h2 class=\"elementor-heading-title elementor-size-default\">K\u00fapte 4 ks letn\u00fdch alebo celoro\u010dn\u00fdch pneumat\u00edk Kumho s rozmerom 17\" alebo v\u00e4\u010d\u0161\u00edm na gumy.eu. Ak si pri tom zarezervujete mont\u00e1\u017e v na\u0161ej celoslovenskej servisnej sieti ARS, obdar\u00edme v\u00e1s exkluz\u00edvnou pl\u00e1\u017eovou osu\u0161kou Kumho!<\/h2>\t\t<\/div>\n\t\t\t\t<\/div>\n\t\t\t\t<div class=\"elementor-element elementor-element-1d8aca3 elementor-align-center elementor-widget elementor-widget-button\" data-id=\"1d8aca3\" data-element_type=\"widget\" data-widget_type=\"button.default\">\n\t\t\t\t<div class=\"elementor-widget-container\">\n\t\t\t\t\t<div class=\"elementor-button-wrapper\">\n\t\t\t<a href=\"https:\/\/gumy.eu\/pneumatiky\/letne-pneumatiky\/kumho\" target=\"_blank\" class=\"elementor-button-link elementor-button elementor-size-sm elementor-animation-pulse\" role=\"button\">\n\t\t\t\t\t\t<span class=\"elementor-button-content-wrapper\">\n\t\t\t\t\t\t<span class=\"elementor-button-text\">KUMHO letn\u00e9 pneumatiky<\/span>\n\t\t<\/span>\n\t\t\t\t\t<\/a>\n\t\t<\/div>\n\t\t\t\t<\/div>\n\t\t\t\t<\/div>\n\t\t\t\t<div class=\"elementor-element elementor-element-541fd6d9 elementor-align-center elementor-widget elementor-widget-button\" data-id=\"541fd6d9\" data-element_type=\"widget\" data-widget_type=\"button.default\">\n\t\t\t\t<div class=\"elementor-widget-container\">\n\t\t\t\t\t<div class=\"elementor-button-wrapper\">\n\t\t\t<a href=\"https:\/\/gumy.eu\/pneumatiky\/celorocne-pneumatiky\/kumho\" target=\"_blank\" class=\"elementor-button-link elementor-button elementor-size-sm elementor-animation-pulse\" role=\"button\">\n\t\t\t\t\t\t<span class=\"elementor-button-content-wrapper\">\n\t\t\t\t\t\t<span class=\"elementor-button-text\">KUMHO celoro\u010dn\u00e9 pneumatiky<\/span>\n\t\t<\/span>\n\t\t\t\t\t<\/a>\n\t\t<\/div>\n\t\t\t\t<\/div>\n\t\t\t\t<\/div>\n\t\t\t\t\t\t<\/div>\n\t\t\t\t\t<\/div>\n\t\t<\/div>\n\t\t\t\t\t\t\t\t<\/div>\n\t\t\t\t\t<\/div>\n\t\t<\/section>\n\t\t\t\t<section class=\"elementor-section elementor-inner-section elementor-element elementor-element-31d9d1bb elementor-section-content-middle elementor-section-boxed elementor-section-height-default elementor-section-height-default\" data-id=\"31d9d1bb\" data-element_type=\"section\">\n\t\t\t\t\t\t\t<div class=\"elementor-background-overlay\"><\/div>\n\t\t\t\t\t\t\t<div class=\"elementor-container elementor-column-gap-no\">\n\t\t\t\t\t\t\t<div class=\"elementor-row\">\n\t\t\t\t\t<div class=\"elementor-column elementor-col-50 elementor-inner-column elementor-element elementor-element-7f07fe38\" data-id=\"7f07fe38\" data-element_type=\"column\">\n\t\t\t<div class=\"elementor-column-wrap elementor-element-populated\">\n\t\t\t\t\t\t\t<div class=\"elementor-widget-wrap\">\n\t\t\t\t\t\t<div class=\"elementor-element elementor-element-40a95a91 elementor-widget__width-initial elementor-widget elementor-widget-heading\" data-id=\"40a95a91\" data-element_type=\"widget\" data-widget_type=\"heading.default\">\n\t\t\t\t<div class=\"elementor-widget-container\">\n\t\t\t<h2 class=\"elementor-heading-title elementor-size-default\">Jeden uter\u00e1k. Tis\u00edc letn\u00fdch okamihov. \u010ci u\u017e na pl\u00e1\u017ei, pri vonkaj\u0161om baz\u00e9ne alebo na vidieckom pikniku \u2013 tento XXL pl\u00e1\u017eov\u00fd uter\u00e1k KUMHO pre cel\u00fa rodinu sa m\u00f4\u017ee sta\u0165 \u00fastredn\u00fdm prvkom va\u0161ich letn\u00fdch v\u00fdletov a dobrodru\u017estiev.<\/h2>\t\t<\/div>\n\t\t\t\t<\/div>\n\t\t\t\t\t\t<\/div>\n\t\t\t\t\t<\/div>\n\t\t<\/div>\n\t\t\t\t<div class=\"elementor-column elementor-col-50 elementor-inner-column elementor-element elementor-element-50010c86\" data-id=\"50010c86\" data-element_type=\"column\">\n\t\t\t<div class=\"elementor-column-wrap elementor-element-populated\">\n\t\t\t\t\t\t\t<div class=\"elementor-widget-wrap\">\n\t\t\t\t\t\t<div class=\"elementor-element elementor-element-58c98ba9 elementor-widget elementor-widget-image\" data-id=\"58c98ba9\" data-element_type=\"widget\" data-widget_type=\"image.default\">\n\t\t\t\t<div class=\"elementor-widget-container\">\n\t\t\t\t\t\t\t\t<div class=\"elementor-image\">\n\t\t\t\t\t\t\t\t\t\t\t\t<img decoding=\"async\" width=\"1024\" height=\"665\" src=\"https:\/\/gumy.eu\/znacky-pneumatik\/wp-content\/uploads\/2026\/03\/kumho-torolkozo.png\" class=\"attachment-large size-large\" alt=\"\" loading=\"lazy\" srcset=\"https:\/\/gumy.eu\/znacky-pneumatik\/wp-content\/uploads\/2026\/03\/kumho-torolkozo.png 1024w, https:\/\/gumy.eu\/znacky-pneumatik\/wp-content\/uploads\/2026\/03\/kumho-torolkozo-300x195.png 300w, https:\/\/gumy.eu\/znacky-pneumatik\/wp-content\/uploads\/2026\/03\/kumho-torolkozo-768x499.png 768w\" sizes=\"(max-width: 1024px) 100vw, 1024px\" \/>\t\t\t\t\t\t\t\t\t\t\t\t\t\t<\/div>\n\t\t\t\t\t\t<\/div>\n\t\t\t\t<\/div>\n\t\t\t\t\t\t<\/div>\n\t\t\t\t\t<\/div>\n\t\t<\/div>\n\t\t\t\t\t\t\t\t<\/div>\n\t\t\t\t\t<\/div>\n\t\t<\/section>\n\t\t\t\t\t\t<\/div>\n\t\t\t\t\t<\/div>\n\t\t<\/div>\n\t\t\t\t\t\t\t\t<\/div>\n\t\t\t\t\t<\/div>\n\t\t<\/section>\n\t\t\t\t<section class=\"elementor-section elementor-top-section elementor-element elementor-element-54be6285 elementor-section-content-middle elementor-section-boxed elementor-section-height-default elementor-section-height-default\" data-id=\"54be6285\" data-element_type=\"section\" data-settings=\"{&quot;background_background&quot;:&quot;classic&quot;}\">\n\t\t\t\t\t\t<div class=\"elementor-container elementor-column-gap-no\">\n\t\t\t\t\t\t\t<div class=\"elementor-row\">\n\t\t\t\t\t<div class=\"elementor-column elementor-col-100 elementor-top-column elementor-element elementor-element-386c5a0d\" data-id=\"386c5a0d\" data-element_type=\"column\">\n\t\t\t<div class=\"elementor-column-wrap elementor-element-populated\">\n\t\t\t\t\t\t\t<div class=\"elementor-widget-wrap\">\n\t\t\t\t\t\t<div class=\"elementor-element elementor-element-59062d99 elementor-widget elementor-widget-heading\" data-id=\"59062d99\" data-element_type=\"widget\" data-widget_type=\"heading.default\">\n\t\t\t\t<div class=\"elementor-widget-container\">\n\t\t\t<h2 class=\"elementor-heading-title elementor-size-default\">Ako m\u00f4\u017eete z\u00edska\u0165 pl\u00e1\u017eov\u00fd uter\u00e1k?<\/h2>\t\t<\/div>\n\t\t\t\t<\/div>\n\t\t\t\t<div class=\"elementor-element elementor-element-3ef9252e elementor-widget elementor-widget-text-editor\" data-id=\"3ef9252e\" data-element_type=\"widget\" data-widget_type=\"text-editor.default\">\n\t\t\t\t<div class=\"elementor-widget-container\">\n\t\t\t\t\t\t\t\t<div class=\"elementor-text-editor elementor-clearfix\">\n\t\t\t\t<p><b>1. Nak\u00fapte online na gumy.eu 4 ks letn\u00fdch alebo celoro\u010dn\u00fdch pneumat\u00edk Kumho <\/b>(17 palcov a viac).<\/p><p><span style=\"color: var( --e-global-color-53a31816 );\">2. <b>Nechajte si ich namontova\u0165 v na\u0161ej servisnej sieti.<\/b><\/span><\/p><p>Ak si nov\u00e9 pneumatiky Kumho nech\u00e1te namontova\u0165 v servisoch ARS, uter\u00e1k si vy\u017eiadajte pri platbe na pulte.<\/p><p><b>Trvanie promo akcie: 1. apr\u00edl 2026 \u2013 15. m\u00e1j 2026 alebo do vypredania z\u00e1sob.<\/b><\/p><p>Spolo\u010dnos\u0165 ARS vystupuje v promo akcii ako sprostredkovate\u013e, promo produkty zabezpe\u010duje Kumho.<\/p>\t\t\t\t\t<\/div>\n\t\t\t\t\t\t<\/div>\n\t\t\t\t<\/div>\n\t\t\t\t<div class=\"elementor-element elementor-element-3c4ea7bd elementor-widget-divider--view-line elementor-widget elementor-widget-divider\" data-id=\"3c4ea7bd\" data-element_type=\"widget\" data-widget_type=\"divider.default\">\n\t\t\t\t<div class=\"elementor-widget-container\">\n\t\t\t\t\t<div class=\"elementor-divider\">\n\t\t\t<span class=\"elementor-divider-separator\">\n\t\t\t\t\t\t<\/span>\n\t\t<\/div>\n\t\t\t\t<\/div>\n\t\t\t\t<\/div>\n\t\t\t\t<div class=\"elementor-element elementor-element-cd2cd7d elementor-widget elementor-widget-text-editor\" data-id=\"cd2cd7d\" data-element_type=\"widget\" data-widget_type=\"text-editor.default\">\n\t\t\t\t<div class=\"elementor-widget-container\">\n\t\t\t\t\t\t\t\t<div class=\"elementor-text-editor elementor-clearfix\">\n\t\t\t\t<p>\u00a9 gumy.eu\u00a0V\u0161etky pr\u00e1va vyhraden\u00e9!<\/p>\t\t\t\t\t<\/div>\n\t\t\t\t\t\t<\/div>\n\t\t\t\t<\/div>\n\t\t\t\t\t\t<\/div>\n\t\t\t\t\t<\/div>\n\t\t<\/div>\n\t\t\t\t\t\t\t\t<\/div>\n\t\t\t\t\t<\/div>\n\t\t<\/section>\n\t\t\t\t\t\t\t\t\t<\/div>\n\t\t\t<\/div>\n\t\t\t\t\t<\/div>\n\t\t","protected":false},"excerpt":{"rendered":"<p>K pneumatik\u00e1m KUMHO v\u00e1m pribal\u00edme atmosf\u00e9ru leta! K\u00fapte 4 ks letn\u00fdch alebo celoro\u010dn\u00fdch pneumat\u00edk Kumho s rozmerom 17&#8243; alebo v\u00e4\u010d\u0161\u00edm na gumy.eu. Ak si pri tom zarezervujete mont\u00e1\u017e v na\u0161ej celoslovenskej servisnej sieti ARS, obdar\u00edme v\u00e1s exkluz\u00edvnou pl\u00e1\u017eovou osu\u0161kou Kumho! KUMHO letn\u00e9 pneumatiky KUMHO celoro\u010dn\u00e9 pneumatiky Jeden uter\u00e1k. Tis\u00edc letn\u00fdch okamihov. \u010ci u\u017e na pl\u00e1\u017ei, &#8230; <a title=\"kumho 2026 leto\" class=\"read-more\" href=\"https:\/\/gumy.eu\/znacky-pneumatik\/kumho-2026-leto\/\" aria-label=\"More on kumho 2026 leto\">Read more<\/a><\/p>\n","protected":false},"author":13,"featured_media":0,"parent":0,"menu_order":0,"comment_status":"closed","ping_status":"closed","template":"elementor_canvas","meta":[],"yoast_head":"<!-- This site is optimized with the Yoast SEO plugin v19.2 - https:\/\/yoast.com\/wordpress\/plugins\/seo\/ -->\n<title>kumho 2026 leto - Zna\u010dky pneumatik<\/title>\n<meta name=\"robots\" content=\"index, follow, max-snippet:-1, max-image-preview:large, max-video-preview:-1\" \/>\n<link rel=\"canonical\" href=\"https:\/\/gumy.eu\/znacky-pneumatik\/kumho-2026-leto\/\" \/>\n<meta property=\"og:locale\" content=\"en_US\" \/>\n<meta property=\"og:type\" content=\"article\" \/>\n<meta property=\"og:title\" content=\"kumho 2026 leto - Zna\u010dky pneumatik\" \/>\n<meta property=\"og:description\" content=\"K pneumatik\u00e1m KUMHO v\u00e1m pribal\u00edme atmosf\u00e9ru leta! K\u00fapte 4 ks letn\u00fdch alebo celoro\u010dn\u00fdch pneumat\u00edk Kumho s rozmerom 17&#8243; alebo v\u00e4\u010d\u0161\u00edm na gumy.eu. Ak si pri tom zarezervujete mont\u00e1\u017e v na\u0161ej celoslovenskej servisnej sieti ARS, obdar\u00edme v\u00e1s exkluz\u00edvnou pl\u00e1\u017eovou osu\u0161kou Kumho! KUMHO letn\u00e9 pneumatiky KUMHO celoro\u010dn\u00e9 pneumatiky Jeden uter\u00e1k. Tis\u00edc letn\u00fdch okamihov. \u010ci u\u017e na pl\u00e1\u017ei, ... Read more\" \/>\n<meta property=\"og:url\" content=\"https:\/\/gumy.eu\/znacky-pneumatik\/kumho-2026-leto\/\" \/>\n<meta property=\"og:site_name\" content=\"Zna\u010dky pneumatik\" \/>\n<meta property=\"article:publisher\" content=\"https:\/\/www.facebook.com\/gumy.eu\/\" \/>\n<meta property=\"article:modified_time\" content=\"2026-03-19T12:20:12+00:00\" \/>\n<meta property=\"og:image\" content=\"https:\/\/gumy.eu\/znacky-pneumatik\/wp-content\/uploads\/2025\/04\/KUMHO-TIRE_CI_B_auf-rot-1024x385.jpg\" \/>\n<meta name=\"author\" content=\"marketing\" \/>\n<meta name=\"twitter:card\" content=\"summary_large_image\" \/>\n<meta name=\"twitter:label1\" content=\"Est. reading time\" \/>\n\t<meta name=\"twitter:data1\" content=\"1 minute\" \/>\n<script type=\"application\/ld+json\" class=\"yoast-schema-graph\">{\"@context\":\"https:\/\/schema.org\",\"@graph\":[{\"@type\":\"WebSite\",\"@id\":\"https:\/\/gumy.eu\/znacky-pneumatik\/#website\",\"url\":\"https:\/\/gumy.eu\/znacky-pneumatik\/\",\"name\":\"Zna\u010dky pneumatik\",\"description\":\"Gumy.eu\",\"potentialAction\":[{\"@type\":\"SearchAction\",\"target\":{\"@type\":\"EntryPoint\",\"urlTemplate\":\"https:\/\/gumy.eu\/znacky-pneumatik\/?s={search_term_string}\"},\"query-input\":\"required name=search_term_string\"}],\"inLanguage\":\"en-US\"},{\"@type\":\"ImageObject\",\"inLanguage\":\"en-US\",\"@id\":\"https:\/\/gumy.eu\/znacky-pneumatik\/kumho-2026-leto\/#primaryimage\",\"url\":\"https:\/\/gumy.eu\/znacky-pneumatik\/wp-content\/uploads\/2025\/04\/KUMHO-TIRE_CI_B_auf-rot.jpg\",\"contentUrl\":\"https:\/\/gumy.eu\/znacky-pneumatik\/wp-content\/uploads\/2025\/04\/KUMHO-TIRE_CI_B_auf-rot.jpg\",\"width\":1418,\"height\":533},{\"@type\":\"WebPage\",\"@id\":\"https:\/\/gumy.eu\/znacky-pneumatik\/kumho-2026-leto\/#webpage\",\"url\":\"https:\/\/gumy.eu\/znacky-pneumatik\/kumho-2026-leto\/\",\"name\":\"kumho 2026 leto - Zna\u010dky pneumatik\",\"isPartOf\":{\"@id\":\"https:\/\/gumy.eu\/znacky-pneumatik\/#website\"},\"primaryImageOfPage\":{\"@id\":\"https:\/\/gumy.eu\/znacky-pneumatik\/kumho-2026-leto\/#primaryimage\"},\"datePublished\":\"2026-03-19T12:11:09+00:00\",\"dateModified\":\"2026-03-19T12:20:12+00:00\",\"breadcrumb\":{\"@id\":\"https:\/\/gumy.eu\/znacky-pneumatik\/kumho-2026-leto\/#breadcrumb\"},\"inLanguage\":\"en-US\",\"potentialAction\":[{\"@type\":\"ReadAction\",\"target\":[\"https:\/\/gumy.eu\/znacky-pneumatik\/kumho-2026-leto\/\"]}]},{\"@type\":\"BreadcrumbList\",\"@id\":\"https:\/\/gumy.eu\/znacky-pneumatik\/kumho-2026-leto\/#breadcrumb\",\"itemListElement\":[{\"@type\":\"ListItem\",\"position\":1,\"name\":\"kumho 2026 leto\"}]}]}<\/script>\n<!-- \/ Yoast SEO plugin. -->","yoast_head_json":{"title":"kumho 2026 leto - Zna\u010dky pneumatik","robots":{"index":"index","follow":"follow","max-snippet":"max-snippet:-1","max-image-preview":"max-image-preview:large","max-video-preview":"max-video-preview:-1"},"canonical":"https:\/\/gumy.eu\/znacky-pneumatik\/kumho-2026-leto\/","og_locale":"en_US","og_type":"article","og_title":"kumho 2026 leto - Zna\u010dky pneumatik","og_description":"K pneumatik\u00e1m KUMHO v\u00e1m pribal\u00edme atmosf\u00e9ru leta! K\u00fapte 4 ks letn\u00fdch alebo celoro\u010dn\u00fdch pneumat\u00edk Kumho s rozmerom 17&#8243; alebo v\u00e4\u010d\u0161\u00edm na gumy.eu. Ak si pri tom zarezervujete mont\u00e1\u017e v na\u0161ej celoslovenskej servisnej sieti ARS, obdar\u00edme v\u00e1s exkluz\u00edvnou pl\u00e1\u017eovou osu\u0161kou Kumho! KUMHO letn\u00e9 pneumatiky KUMHO celoro\u010dn\u00e9 pneumatiky Jeden uter\u00e1k. Tis\u00edc letn\u00fdch okamihov. \u010ci u\u017e na pl\u00e1\u017ei, ... Read more","og_url":"https:\/\/gumy.eu\/znacky-pneumatik\/kumho-2026-leto\/","og_site_name":"Zna\u010dky pneumatik","article_publisher":"https:\/\/www.facebook.com\/gumy.eu\/","article_modified_time":"2026-03-19T12:20:12+00:00","og_image":[{"url":"https:\/\/gumy.eu\/znacky-pneumatik\/wp-content\/uploads\/2025\/04\/KUMHO-TIRE_CI_B_auf-rot-1024x385.jpg"}],"author":"marketing","twitter_card":"summary_large_image","twitter_misc":{"Est. reading time":"1 minute"},"schema":{"@context":"https:\/\/schema.org","@graph":[{"@type":"WebSite","@id":"https:\/\/gumy.eu\/znacky-pneumatik\/#website","url":"https:\/\/gumy.eu\/znacky-pneumatik\/","name":"Zna\u010dky pneumatik","description":"Gumy.eu","potentialAction":[{"@type":"SearchAction","target":{"@type":"EntryPoint","urlTemplate":"https:\/\/gumy.eu\/znacky-pneumatik\/?s={search_term_string}"},"query-input":"required name=search_term_string"}],"inLanguage":"en-US"},{"@type":"ImageObject","inLanguage":"en-US","@id":"https:\/\/gumy.eu\/znacky-pneumatik\/kumho-2026-leto\/#primaryimage","url":"https:\/\/gumy.eu\/znacky-pneumatik\/wp-content\/uploads\/2025\/04\/KUMHO-TIRE_CI_B_auf-rot.jpg","contentUrl":"https:\/\/gumy.eu\/znacky-pneumatik\/wp-content\/uploads\/2025\/04\/KUMHO-TIRE_CI_B_auf-rot.jpg","width":1418,"height":533},{"@type":"WebPage","@id":"https:\/\/gumy.eu\/znacky-pneumatik\/kumho-2026-leto\/#webpage","url":"https:\/\/gumy.eu\/znacky-pneumatik\/kumho-2026-leto\/","name":"kumho 2026 leto - Zna\u010dky pneumatik","isPartOf":{"@id":"https:\/\/gumy.eu\/znacky-pneumatik\/#website"},"primaryImageOfPage":{"@id":"https:\/\/gumy.eu\/znacky-pneumatik\/kumho-2026-leto\/#primaryimage"},"datePublished":"2026-03-19T12:11:09+00:00","dateModified":"2026-03-19T12:20:12+00:00","breadcrumb":{"@id":"https:\/\/gumy.eu\/znacky-pneumatik\/kumho-2026-leto\/#breadcrumb"},"inLanguage":"en-US","potentialAction":[{"@type":"ReadAction","target":["https:\/\/gumy.eu\/znacky-pneumatik\/kumho-2026-leto\/"]}]},{"@type":"BreadcrumbList","@id":"https:\/\/gumy.eu\/znacky-pneumatik\/kumho-2026-leto\/#breadcrumb","itemListElement":[{"@type":"ListItem","position":1,"name":"kumho 2026 leto"}]}]}},"_links":{"self":[{"href":"https:\/\/gumy.eu\/znacky-pneumatik\/wp-json\/wp\/v2\/pages\/10646"}],"collection":[{"href":"https:\/\/gumy.eu\/znacky-pneumatik\/wp-json\/wp\/v2\/pages"}],"about":[{"href":"https:\/\/gumy.eu\/znacky-pneumatik\/wp-json\/wp\/v2\/types\/page"}],"author":[{"embeddable":true,"href":"https:\/\/gumy.eu\/znacky-pneumatik\/wp-json\/wp\/v2\/users\/13"}],"replies":[{"embeddable":true,"href":"https:\/\/gumy.eu\/znacky-pneumatik\/wp-json\/wp\/v2\/comments?post=10646"}],"version-history":[{"count":8,"href":"https:\/\/gumy.eu\/znacky-pneumatik\/wp-json\/wp\/v2\/pages\/10646\/revisions"}],"predecessor-version":[{"id":10659,"href":"https:\/\/gumy.eu\/znacky-pneumatik\/wp-json\/wp\/v2\/pages\/10646\/revisions\/10659"}],"wp:attachment":[{"href":"https:\/\/gumy.eu\/znacky-pneumatik\/wp-json\/wp\/v2\/media?parent=10646"}],"curies":[{"name":"wp","href":"https:\/\/api.w.org\/{rel}","templated":true}]}}