{"id":10691,"date":"2026-04-09T06:09:51","date_gmt":"2026-04-09T06:09:51","guid":{"rendered":"https:\/\/gumy.eu\/znacky-pneumatik\/?page_id=10691"},"modified":"2026-04-09T06:11:08","modified_gmt":"2026-04-09T06:11:08","slug":"pneuhotel","status":"publish","type":"page","link":"https:\/\/gumy.eu\/znacky-pneumatik\/pneuhotel\/","title":{"rendered":"pneuhotel"},"content":{"rendered":"\t\t<div data-elementor-type=\"wp-page\" data-elementor-id=\"10691\" class=\"elementor elementor-10691\">\n\t\t\t\t\t\t<div class=\"elementor-inner\">\n\t\t\t\t<div class=\"elementor-section-wrap\">\n\t\t\t\t\t\t\t\t\t<section class=\"elementor-section elementor-top-section elementor-element elementor-element-342249f3 elementor-section-full_width elementor-section-height-default elementor-section-height-default\" data-id=\"342249f3\" data-element_type=\"section\">\n\t\t\t\t\t\t\t<div class=\"elementor-background-overlay\"><\/div>\n\t\t\t\t\t\t\t<div class=\"elementor-container elementor-column-gap-default\">\n\t\t\t\t\t\t\t<div class=\"elementor-row\">\n\t\t\t\t\t<div class=\"elementor-column elementor-col-100 elementor-top-column elementor-element elementor-element-6da70a50\" data-id=\"6da70a50\" data-element_type=\"column\">\n\t\t\t<div class=\"elementor-column-wrap elementor-element-populated\">\n\t\t\t\t\t\t\t<div class=\"elementor-widget-wrap\">\n\t\t\t\t\t\t<div class=\"elementor-element elementor-element-7c669c4b elementor-widget elementor-widget-html\" data-id=\"7c669c4b\" data-element_type=\"widget\" data-widget_type=\"html.default\">\n\t\t\t\t<div class=\"elementor-widget-container\">\n\t\t\t<!-- Google Tag Manager -->\r\n    <script type=\"text\/javascript\">\r\n\r\n\r\n        var IS_DEV = false;\r\n        var GTM_ID = 'GTM-5BVBK9T';\r\n        \/\/var GTM_LC = ( IS_DEV?'EN':'HU' ); \/* HU||EN *\/\r\n        var GTM_LC = 'EN'; \/* HU||EN *\/\r\n        var DL_USER_ID = 'undefined';\r\n        var DL_LOGINSTATUS = 'unsigned'; \r\n        var DL_PAGETYPE = 'main'; \r\n        var DL_TIMESTAMP = 1744374952; \r\n        var DL_CURRENCY = 'HUF'; \r\n        var DL_VAT = '0.27'; \r\n        var DL_LOG = false;\r\n        var DL_LANG_CODE = 'hu';\r\n\r\n       \r\n            \r\n    \r\n       \r\n        window.dataLayer = window.dataLayer || [];\r\n        function addGTMDataLayer(dataLayerObj, log) {\r\n            if ( typeof dataLayerObj === 'object' ) {\r\n                window.dataLayer.push(dataLayerObj);\r\n                if ( log ) {\r\n                    console.log('addGTMDataLayer', dataLayerObj);\r\n                    console.log('window.dataLayer', window.dataLayer);\r\n                }\r\n            }\r\n        }\r\n   \r\n        window.dLayer.addUser({\r\n            'User id': DL_USER_ID,\r\n            'loginStatus': DL_LOGINSTATUS,\r\n            'pageType': DL_PAGETYPE,\r\n            'timestamp': DL_TIMESTAMP,\r\n            'languageCode': DL_LANG_CODE\r\n        });\r\n         \r\n   \r\n        \r\n        \r\n    \r\n    <\/script>\r\n<!-- End Google Tag Manager -->\t\t<\/div>\n\t\t\t\t<\/div>\n\t\t\t\t<div class=\"elementor-element elementor-element-13966f7 elementor-widget elementor-widget-image\" data-id=\"13966f7\" data-element_type=\"widget\" data-widget_type=\"image.default\">\n\t\t\t\t<div class=\"elementor-widget-container\">\n\t\t\t\t\t\t\t\t<div class=\"elementor-image\">\n\t\t\t\t\t\t\t\t\t\t\t\t<img decoding=\"async\" width=\"1024\" height=\"1024\" src=\"https:\/\/gumy.eu\/znacky-pneumatik\/wp-content\/uploads\/2026\/03\/ars-gumyeu-1-1024x1024.png\" class=\"attachment-large size-large\" alt=\"\" loading=\"lazy\" srcset=\"https:\/\/gumy.eu\/znacky-pneumatik\/wp-content\/uploads\/2026\/03\/ars-gumyeu-1-1024x1024.png 1024w, https:\/\/gumy.eu\/znacky-pneumatik\/wp-content\/uploads\/2026\/03\/ars-gumyeu-1-300x300.png 300w, https:\/\/gumy.eu\/znacky-pneumatik\/wp-content\/uploads\/2026\/03\/ars-gumyeu-1-150x150.png 150w, https:\/\/gumy.eu\/znacky-pneumatik\/wp-content\/uploads\/2026\/03\/ars-gumyeu-1-768x768.png 768w, https:\/\/gumy.eu\/znacky-pneumatik\/wp-content\/uploads\/2026\/03\/ars-gumyeu-1.png 1200w\" sizes=\"(max-width: 1024px) 100vw, 1024px\" \/>\t\t\t\t\t\t\t\t\t\t\t\t\t\t<\/div>\n\t\t\t\t\t\t<\/div>\n\t\t\t\t<\/div>\n\t\t\t\t\t\t<\/div>\n\t\t\t\t\t<\/div>\n\t\t<\/div>\n\t\t\t\t\t\t\t\t<\/div>\n\t\t\t\t\t<\/div>\n\t\t<\/section>\n\t\t\t\t<section class=\"elementor-section elementor-top-section elementor-element elementor-element-5dac7021 elementor-section-boxed elementor-section-height-default elementor-section-height-default\" data-id=\"5dac7021\" data-element_type=\"section\">\n\t\t\t\t\t\t\t<div class=\"elementor-background-overlay\"><\/div>\n\t\t\t\t\t\t\t<div class=\"elementor-container elementor-column-gap-default\">\n\t\t\t\t\t\t\t<div class=\"elementor-row\">\n\t\t\t\t\t<div class=\"elementor-column elementor-col-100 elementor-top-column elementor-element elementor-element-24465bc6\" data-id=\"24465bc6\" data-element_type=\"column\">\n\t\t\t<div class=\"elementor-column-wrap elementor-element-populated\">\n\t\t\t\t\t\t\t<div class=\"elementor-widget-wrap\">\n\t\t\t\t\t\t<div class=\"elementor-element elementor-element-46fa7c1a elementor-widget elementor-widget-heading\" data-id=\"46fa7c1a\" data-element_type=\"widget\" data-widget_type=\"heading.default\">\n\t\t\t\t<div class=\"elementor-widget-container\">\n\t\t\t<h1 class=\"elementor-heading-title elementor-size-default\">PNEUHOTEL<\/h1>\t\t<\/div>\n\t\t\t\t<\/div>\n\t\t\t\t\t\t<\/div>\n\t\t\t\t\t<\/div>\n\t\t<\/div>\n\t\t\t\t\t\t\t\t<\/div>\n\t\t\t\t\t<\/div>\n\t\t<\/section>\n\t\t\t\t<section class=\"elementor-section elementor-top-section elementor-element elementor-element-4e70ce62 elementor-section-boxed elementor-section-height-default elementor-section-height-default\" data-id=\"4e70ce62\" data-element_type=\"section\">\n\t\t\t\t\t\t\t<div class=\"elementor-background-overlay\"><\/div>\n\t\t\t\t\t\t\t<div class=\"elementor-container elementor-column-gap-default\">\n\t\t\t\t\t\t\t<div class=\"elementor-row\">\n\t\t\t\t\t<div class=\"elementor-column elementor-col-50 elementor-top-column elementor-element elementor-element-4b7c8adc\" data-id=\"4b7c8adc\" data-element_type=\"column\">\n\t\t\t<div class=\"elementor-column-wrap elementor-element-populated\">\n\t\t\t\t\t\t\t<div class=\"elementor-widget-wrap\">\n\t\t\t\t\t\t<div class=\"elementor-element elementor-element-75623b5b elementor-position-top elementor-vertical-align-top elementor-widget elementor-widget-image-box\" data-id=\"75623b5b\" data-element_type=\"widget\" data-widget_type=\"image-box.default\">\n\t\t\t\t<div class=\"elementor-widget-container\">\n\t\t\t<div class=\"elementor-image-box-wrapper\"><div class=\"elementor-image-box-content\"><h2 class=\"elementor-image-box-title\">Pneuhotel nie je len pohodln\u00e9, ale aj rozumn\u00e9 rozhodnutie.<\/h2><p class=\"elementor-image-box-description\">Nemus\u00edte doma skladova\u0165 koles\u00e1, \u010d\u00edm u\u0161etr\u00edte miesto. Neviete si rady, \u010di ich skladova\u0165 postoja\u010dky alebo nale\u017eato? Nemus\u00edte sa t\u00fdm zaobera\u0165 \u2013 my v\u00e1m zabezpe\u010d\u00edme odborn\u00e9 uskladnenie. U\u017e viac nemus\u00edte rozobera\u0165 auto, aby ste si mali kam ulo\u017ei\u0165 demontovan\u00e9 pneumatiky.<br><br><b>\nU\u017eite si bezstarostn\u00fa jazdu a viac vo\u013en\u00e9ho miesta vo va\u0161ej dom\u00e1cnosti.<\/b><\/p><\/div><\/div>\t\t<\/div>\n\t\t\t\t<\/div>\n\t\t\t\t\t\t<\/div>\n\t\t\t\t\t<\/div>\n\t\t<\/div>\n\t\t\t\t<div class=\"elementor-column elementor-col-50 elementor-top-column elementor-element elementor-element-66da812d\" data-id=\"66da812d\" data-element_type=\"column\">\n\t\t\t<div class=\"elementor-column-wrap elementor-element-populated\">\n\t\t\t\t\t\t\t<div class=\"elementor-widget-wrap\">\n\t\t\t\t\t\t<div class=\"elementor-element elementor-element-f30ea4 elementor-position-top elementor-vertical-align-top elementor-widget elementor-widget-image-box\" data-id=\"f30ea4\" data-element_type=\"widget\" data-widget_type=\"image-box.default\">\n\t\t\t\t<div class=\"elementor-widget-container\">\n\t\t\t<div class=\"elementor-image-box-wrapper\"><div class=\"elementor-image-box-content\"><h2 class=\"elementor-image-box-title\"><a href=\"https:\/\/gumi.hu\/autogumi\/negyevszakos\">Pri sez\u00f3nnej v\u00fdmene sa v\u0161etko vybav\u00ed na jednom mieste:<\/a><\/h2><p class=\"elementor-image-box-description\">Nemus\u00edte pneumatiky prev\u00e1\u017ea\u0165 ani s nimi manipulova\u0165 \u2013 postar\u00e1me sa o to za V\u00e1s. V\u00fdmena pneumat\u00edk je tak r\u00fdchlej\u0161ia a pohodlnej\u0161ia. Medzi sez\u00f3nami vykon\u00e1me kontrolu stavu a budeme V\u00e1s informova\u0165 o stave Va\u0161ich pneumat\u00edk.<br><br>\n<b>Jednoduch\u0161ie, \u010distej\u0161ie, bezpe\u010dnej\u0161ie a ekologickej\u0161ie rie\u0161enie \u2013 presne to, \u010do vodi\u010d z dlhodob\u00e9ho h\u013eadiska ocen\u00ed.<\/b>\n<\/p><\/div><\/div>\t\t<\/div>\n\t\t\t\t<\/div>\n\t\t\t\t\t\t<\/div>\n\t\t\t\t\t<\/div>\n\t\t<\/div>\n\t\t\t\t\t\t\t\t<\/div>\n\t\t\t\t\t<\/div>\n\t\t<\/section>\n\t\t\t\t<section class=\"elementor-section elementor-top-section elementor-element elementor-element-1ec55712 elementor-section-boxed elementor-section-height-default elementor-section-height-default\" data-id=\"1ec55712\" data-element_type=\"section\" data-settings=\"{&quot;background_background&quot;:&quot;classic&quot;}\">\n\t\t\t\t\t\t\t<div class=\"elementor-background-overlay\"><\/div>\n\t\t\t\t\t\t\t<div class=\"elementor-container elementor-column-gap-default\">\n\t\t\t\t\t\t\t<div class=\"elementor-row\">\n\t\t\t\t\t<div class=\"elementor-column elementor-col-100 elementor-top-column elementor-element elementor-element-69f1a99c\" data-id=\"69f1a99c\" data-element_type=\"column\">\n\t\t\t<div class=\"elementor-column-wrap elementor-element-populated\">\n\t\t\t\t\t\t\t<div class=\"elementor-widget-wrap\">\n\t\t\t\t\t\t<div class=\"elementor-element elementor-element-44f16cf0 elementor-widget elementor-widget-heading\" data-id=\"44f16cf0\" data-element_type=\"widget\" data-widget_type=\"heading.default\">\n\t\t\t\t<div class=\"elementor-widget-container\">\n\t\t\t<h2 class=\"elementor-heading-title elementor-size-default\"><b>NOV\u00ddM Z\u00c1KAZN\u00cdKOM POSKYTUJEME PRI PRVOM USKLADNEN\u00cd Z\u013dAVU 50%!<\/b><\/h2>\t\t<\/div>\n\t\t\t\t<\/div>\n\t\t\t\t<div class=\"elementor-element elementor-element-3f98f8f9 elementor-widget elementor-widget-text-editor\" data-id=\"3f98f8f9\" data-element_type=\"widget\" data-widget_type=\"text-editor.default\">\n\t\t\t\t<div class=\"elementor-widget-container\">\n\t\t\t\t\t\t\t\t<div class=\"elementor-text-editor elementor-clearfix\">\n\t\t\t\t<p>Pneuhotel si m\u00f4\u017eete prida\u0165 do ko\u0161\u00edka pri potvrden\u00ed objedn\u00e1vky, po v\u00fdbere sp\u00f4sobu platby pri rezerv\u00e1cii term\u00ednu.<\/p>\t\t\t\t\t<\/div>\n\t\t\t\t\t\t<\/div>\n\t\t\t\t<\/div>\n\t\t\t\t<div class=\"elementor-element elementor-element-6f7bcced elementor-align-center elementor-widget elementor-widget-button\" data-id=\"6f7bcced\" data-element_type=\"widget\" data-widget_type=\"button.default\">\n\t\t\t\t<div class=\"elementor-widget-container\">\n\t\t\t\t\t<div class=\"elementor-button-wrapper\">\n\t\t\t<a href=\"https:\/\/gumy.eu\/rezervacia-terminu\" target=\"_blank\" class=\"elementor-button-link elementor-button elementor-size-sm elementor-animation-pulse\" role=\"button\">\n\t\t\t\t\t\t<span class=\"elementor-button-content-wrapper\">\n\t\t\t\t\t\t<span class=\"elementor-button-text\">Objedn\u00e1m si<\/span>\n\t\t<\/span>\n\t\t\t\t\t<\/a>\n\t\t<\/div>\n\t\t\t\t<\/div>\n\t\t\t\t<\/div>\n\t\t\t\t\t\t<\/div>\n\t\t\t\t\t<\/div>\n\t\t<\/div>\n\t\t\t\t\t\t\t\t<\/div>\n\t\t\t\t\t<\/div>\n\t\t<\/section>\n\t\t\t\t<section class=\"elementor-section elementor-top-section elementor-element elementor-element-561fc32d elementor-section-boxed elementor-section-height-default elementor-section-height-default\" data-id=\"561fc32d\" data-element_type=\"section\">\n\t\t\t\t\t\t\t<div class=\"elementor-background-overlay\"><\/div>\n\t\t\t\t\t\t\t<div class=\"elementor-container elementor-column-gap-default\">\n\t\t\t\t\t\t\t<div class=\"elementor-row\">\n\t\t\t\t\t<div class=\"elementor-column elementor-col-100 elementor-top-column elementor-element elementor-element-5539080c\" data-id=\"5539080c\" data-element_type=\"column\">\n\t\t\t<div class=\"elementor-column-wrap elementor-element-populated\">\n\t\t\t\t\t\t\t<div class=\"elementor-widget-wrap\">\n\t\t\t\t\t\t<div class=\"elementor-element elementor-element-4ace15c7 elementor-widget elementor-widget-image\" data-id=\"4ace15c7\" data-element_type=\"widget\" data-widget_type=\"image.default\">\n\t\t\t\t<div class=\"elementor-widget-container\">\n\t\t\t\t\t\t\t\t<div class=\"elementor-image\">\n\t\t\t\t\t\t\t\t\t\t\t\t<img decoding=\"async\" width=\"1024\" height=\"1024\" src=\"https:\/\/gumy.eu\/znacky-pneumatik\/wp-content\/uploads\/2026\/03\/ars-gumyeu-1-1024x1024.png\" class=\"attachment-large size-large\" alt=\"\" loading=\"lazy\" srcset=\"https:\/\/gumy.eu\/znacky-pneumatik\/wp-content\/uploads\/2026\/03\/ars-gumyeu-1-1024x1024.png 1024w, https:\/\/gumy.eu\/znacky-pneumatik\/wp-content\/uploads\/2026\/03\/ars-gumyeu-1-300x300.png 300w, https:\/\/gumy.eu\/znacky-pneumatik\/wp-content\/uploads\/2026\/03\/ars-gumyeu-1-150x150.png 150w, https:\/\/gumy.eu\/znacky-pneumatik\/wp-content\/uploads\/2026\/03\/ars-gumyeu-1-768x768.png 768w, https:\/\/gumy.eu\/znacky-pneumatik\/wp-content\/uploads\/2026\/03\/ars-gumyeu-1.png 1200w\" sizes=\"(max-width: 1024px) 100vw, 1024px\" \/>\t\t\t\t\t\t\t\t\t\t\t\t\t\t<\/div>\n\t\t\t\t\t\t<\/div>\n\t\t\t\t<\/div>\n\t\t\t\t<div class=\"elementor-element elementor-element-43d8492 elementor-widget elementor-widget-text-editor\" data-id=\"43d8492\" data-element_type=\"widget\" data-widget_type=\"text-editor.default\">\n\t\t\t\t<div class=\"elementor-widget-container\">\n\t\t\t\t\t\t\t\t<div class=\"elementor-text-editor elementor-clearfix\">\n\t\t\t\t<p>\u00a9 gumy.eu\u00a0V\u0161etky pr\u00e1va vyhraden\u00e9!<\/p>\t\t\t\t\t<\/div>\n\t\t\t\t\t\t<\/div>\n\t\t\t\t<\/div>\n\t\t\t\t\t\t<\/div>\n\t\t\t\t\t<\/div>\n\t\t<\/div>\n\t\t\t\t\t\t\t\t<\/div>\n\t\t\t\t\t<\/div>\n\t\t<\/section>\n\t\t\t\t\t\t\t\t\t<\/div>\n\t\t\t<\/div>\n\t\t\t\t\t<\/div>\n\t\t","protected":false},"excerpt":{"rendered":"<p>PNEUHOTEL Pneuhotel nie je len pohodln\u00e9, ale aj rozumn\u00e9 rozhodnutie. Nemus\u00edte doma skladova\u0165 koles\u00e1, \u010d\u00edm u\u0161etr\u00edte miesto. Neviete si rady, \u010di ich skladova\u0165 postoja\u010dky alebo nale\u017eato? Nemus\u00edte sa t\u00fdm zaobera\u0165 \u2013 my v\u00e1m zabezpe\u010d\u00edme odborn\u00e9 uskladnenie. U\u017e viac nemus\u00edte rozobera\u0165 auto, aby ste si mali kam ulo\u017ei\u0165 demontovan\u00e9 pneumatiky. U\u017eite si bezstarostn\u00fa jazdu a viac &#8230; <a title=\"pneuhotel\" class=\"read-more\" href=\"https:\/\/gumy.eu\/znacky-pneumatik\/pneuhotel\/\" aria-label=\"More on pneuhotel\">Read more<\/a><\/p>\n","protected":false},"author":13,"featured_media":0,"parent":0,"menu_order":0,"comment_status":"closed","ping_status":"closed","template":"elementor_canvas","meta":[],"yoast_head":"<!-- This site is optimized with the Yoast SEO plugin v19.2 - https:\/\/yoast.com\/wordpress\/plugins\/seo\/ -->\n<title>pneuhotel - Zna\u010dky pneumatik<\/title>\n<meta name=\"robots\" content=\"index, follow, max-snippet:-1, max-image-preview:large, max-video-preview:-1\" \/>\n<link rel=\"canonical\" href=\"https:\/\/gumy.eu\/znacky-pneumatik\/pneuhotel\/\" \/>\n<meta property=\"og:locale\" content=\"en_US\" \/>\n<meta property=\"og:type\" content=\"article\" \/>\n<meta property=\"og:title\" content=\"pneuhotel - Zna\u010dky pneumatik\" \/>\n<meta property=\"og:description\" content=\"PNEUHOTEL Pneuhotel nie je len pohodln\u00e9, ale aj rozumn\u00e9 rozhodnutie. Nemus\u00edte doma skladova\u0165 koles\u00e1, \u010d\u00edm u\u0161etr\u00edte miesto. Neviete si rady, \u010di ich skladova\u0165 postoja\u010dky alebo nale\u017eato? Nemus\u00edte sa t\u00fdm zaobera\u0165 \u2013 my v\u00e1m zabezpe\u010d\u00edme odborn\u00e9 uskladnenie. U\u017e viac nemus\u00edte rozobera\u0165 auto, aby ste si mali kam ulo\u017ei\u0165 demontovan\u00e9 pneumatiky. U\u017eite si bezstarostn\u00fa jazdu a viac ... Read more\" \/>\n<meta property=\"og:url\" content=\"https:\/\/gumy.eu\/znacky-pneumatik\/pneuhotel\/\" \/>\n<meta property=\"og:site_name\" content=\"Zna\u010dky pneumatik\" \/>\n<meta property=\"article:publisher\" content=\"https:\/\/www.facebook.com\/gumy.eu\/\" \/>\n<meta property=\"article:modified_time\" content=\"2026-04-09T06:11:08+00:00\" \/>\n<meta property=\"og:image\" content=\"https:\/\/gumy.eu\/znacky-pneumatik\/wp-content\/uploads\/2026\/03\/ars-gumyeu-1-1024x1024.png\" \/>\n<meta name=\"author\" content=\"marketing\" \/>\n<meta name=\"twitter:card\" content=\"summary_large_image\" \/>\n<meta name=\"twitter:label1\" content=\"Est. reading time\" \/>\n\t<meta name=\"twitter:data1\" content=\"1 minute\" \/>\n<script type=\"application\/ld+json\" class=\"yoast-schema-graph\">{\"@context\":\"https:\/\/schema.org\",\"@graph\":[{\"@type\":\"WebSite\",\"@id\":\"https:\/\/gumy.eu\/znacky-pneumatik\/#website\",\"url\":\"https:\/\/gumy.eu\/znacky-pneumatik\/\",\"name\":\"Zna\u010dky pneumatik\",\"description\":\"Gumy.eu\",\"potentialAction\":[{\"@type\":\"SearchAction\",\"target\":{\"@type\":\"EntryPoint\",\"urlTemplate\":\"https:\/\/gumy.eu\/znacky-pneumatik\/?s={search_term_string}\"},\"query-input\":\"required name=search_term_string\"}],\"inLanguage\":\"en-US\"},{\"@type\":\"ImageObject\",\"inLanguage\":\"en-US\",\"@id\":\"https:\/\/gumy.eu\/znacky-pneumatik\/pneuhotel\/#primaryimage\",\"url\":\"https:\/\/gumy.eu\/znacky-pneumatik\/wp-content\/uploads\/2026\/03\/ars-gumyeu-1.png\",\"contentUrl\":\"https:\/\/gumy.eu\/znacky-pneumatik\/wp-content\/uploads\/2026\/03\/ars-gumyeu-1.png\",\"width\":1200,\"height\":1200},{\"@type\":\"WebPage\",\"@id\":\"https:\/\/gumy.eu\/znacky-pneumatik\/pneuhotel\/#webpage\",\"url\":\"https:\/\/gumy.eu\/znacky-pneumatik\/pneuhotel\/\",\"name\":\"pneuhotel - Zna\u010dky pneumatik\",\"isPartOf\":{\"@id\":\"https:\/\/gumy.eu\/znacky-pneumatik\/#website\"},\"primaryImageOfPage\":{\"@id\":\"https:\/\/gumy.eu\/znacky-pneumatik\/pneuhotel\/#primaryimage\"},\"datePublished\":\"2026-04-09T06:09:51+00:00\",\"dateModified\":\"2026-04-09T06:11:08+00:00\",\"breadcrumb\":{\"@id\":\"https:\/\/gumy.eu\/znacky-pneumatik\/pneuhotel\/#breadcrumb\"},\"inLanguage\":\"en-US\",\"potentialAction\":[{\"@type\":\"ReadAction\",\"target\":[\"https:\/\/gumy.eu\/znacky-pneumatik\/pneuhotel\/\"]}]},{\"@type\":\"BreadcrumbList\",\"@id\":\"https:\/\/gumy.eu\/znacky-pneumatik\/pneuhotel\/#breadcrumb\",\"itemListElement\":[{\"@type\":\"ListItem\",\"position\":1,\"name\":\"pneuhotel\"}]}]}<\/script>\n<!-- \/ Yoast SEO plugin. -->","yoast_head_json":{"title":"pneuhotel - Zna\u010dky pneumatik","robots":{"index":"index","follow":"follow","max-snippet":"max-snippet:-1","max-image-preview":"max-image-preview:large","max-video-preview":"max-video-preview:-1"},"canonical":"https:\/\/gumy.eu\/znacky-pneumatik\/pneuhotel\/","og_locale":"en_US","og_type":"article","og_title":"pneuhotel - Zna\u010dky pneumatik","og_description":"PNEUHOTEL Pneuhotel nie je len pohodln\u00e9, ale aj rozumn\u00e9 rozhodnutie. Nemus\u00edte doma skladova\u0165 koles\u00e1, \u010d\u00edm u\u0161etr\u00edte miesto. Neviete si rady, \u010di ich skladova\u0165 postoja\u010dky alebo nale\u017eato? Nemus\u00edte sa t\u00fdm zaobera\u0165 \u2013 my v\u00e1m zabezpe\u010d\u00edme odborn\u00e9 uskladnenie. U\u017e viac nemus\u00edte rozobera\u0165 auto, aby ste si mali kam ulo\u017ei\u0165 demontovan\u00e9 pneumatiky. U\u017eite si bezstarostn\u00fa jazdu a viac ... Read more","og_url":"https:\/\/gumy.eu\/znacky-pneumatik\/pneuhotel\/","og_site_name":"Zna\u010dky pneumatik","article_publisher":"https:\/\/www.facebook.com\/gumy.eu\/","article_modified_time":"2026-04-09T06:11:08+00:00","og_image":[{"url":"https:\/\/gumy.eu\/znacky-pneumatik\/wp-content\/uploads\/2026\/03\/ars-gumyeu-1-1024x1024.png"}],"author":"marketing","twitter_card":"summary_large_image","twitter_misc":{"Est. reading time":"1 minute"},"schema":{"@context":"https:\/\/schema.org","@graph":[{"@type":"WebSite","@id":"https:\/\/gumy.eu\/znacky-pneumatik\/#website","url":"https:\/\/gumy.eu\/znacky-pneumatik\/","name":"Zna\u010dky pneumatik","description":"Gumy.eu","potentialAction":[{"@type":"SearchAction","target":{"@type":"EntryPoint","urlTemplate":"https:\/\/gumy.eu\/znacky-pneumatik\/?s={search_term_string}"},"query-input":"required name=search_term_string"}],"inLanguage":"en-US"},{"@type":"ImageObject","inLanguage":"en-US","@id":"https:\/\/gumy.eu\/znacky-pneumatik\/pneuhotel\/#primaryimage","url":"https:\/\/gumy.eu\/znacky-pneumatik\/wp-content\/uploads\/2026\/03\/ars-gumyeu-1.png","contentUrl":"https:\/\/gumy.eu\/znacky-pneumatik\/wp-content\/uploads\/2026\/03\/ars-gumyeu-1.png","width":1200,"height":1200},{"@type":"WebPage","@id":"https:\/\/gumy.eu\/znacky-pneumatik\/pneuhotel\/#webpage","url":"https:\/\/gumy.eu\/znacky-pneumatik\/pneuhotel\/","name":"pneuhotel - Zna\u010dky pneumatik","isPartOf":{"@id":"https:\/\/gumy.eu\/znacky-pneumatik\/#website"},"primaryImageOfPage":{"@id":"https:\/\/gumy.eu\/znacky-pneumatik\/pneuhotel\/#primaryimage"},"datePublished":"2026-04-09T06:09:51+00:00","dateModified":"2026-04-09T06:11:08+00:00","breadcrumb":{"@id":"https:\/\/gumy.eu\/znacky-pneumatik\/pneuhotel\/#breadcrumb"},"inLanguage":"en-US","potentialAction":[{"@type":"ReadAction","target":["https:\/\/gumy.eu\/znacky-pneumatik\/pneuhotel\/"]}]},{"@type":"BreadcrumbList","@id":"https:\/\/gumy.eu\/znacky-pneumatik\/pneuhotel\/#breadcrumb","itemListElement":[{"@type":"ListItem","position":1,"name":"pneuhotel"}]}]}},"_links":{"self":[{"href":"https:\/\/gumy.eu\/znacky-pneumatik\/wp-json\/wp\/v2\/pages\/10691"}],"collection":[{"href":"https:\/\/gumy.eu\/znacky-pneumatik\/wp-json\/wp\/v2\/pages"}],"about":[{"href":"https:\/\/gumy.eu\/znacky-pneumatik\/wp-json\/wp\/v2\/types\/page"}],"author":[{"embeddable":true,"href":"https:\/\/gumy.eu\/znacky-pneumatik\/wp-json\/wp\/v2\/users\/13"}],"replies":[{"embeddable":true,"href":"https:\/\/gumy.eu\/znacky-pneumatik\/wp-json\/wp\/v2\/comments?post=10691"}],"version-history":[{"count":14,"href":"https:\/\/gumy.eu\/znacky-pneumatik\/wp-json\/wp\/v2\/pages\/10691\/revisions"}],"predecessor-version":[{"id":10708,"href":"https:\/\/gumy.eu\/znacky-pneumatik\/wp-json\/wp\/v2\/pages\/10691\/revisions\/10708"}],"wp:attachment":[{"href":"https:\/\/gumy.eu\/znacky-pneumatik\/wp-json\/wp\/v2\/media?parent=10691"}],"curies":[{"name":"wp","href":"https:\/\/api.w.org\/{rel}","templated":true}]}}