{"id":10718,"date":"2026-04-29T13:01:15","date_gmt":"2026-04-29T13:01:15","guid":{"rendered":"https:\/\/gumy.eu\/znacky-pneumatik\/?page_id=10718"},"modified":"2026-05-06T07:07:51","modified_gmt":"2026-05-06T07:07:51","slug":"20-e-na-vymenu-pneumatik","status":"publish","type":"page","link":"https:\/\/gumy.eu\/znacky-pneumatik\/20-e-na-vymenu-pneumatik\/","title":{"rendered":"20 \u20ac na v\u00fdmenu pneumat\u00edk"},"content":{"rendered":"\t\t<div data-elementor-type=\"wp-page\" data-elementor-id=\"10718\" class=\"elementor elementor-10718\">\n\t\t\t\t\t\t<div class=\"elementor-inner\">\n\t\t\t\t<div class=\"elementor-section-wrap\">\n\t\t\t\t\t\t\t\t\t<section class=\"elementor-section elementor-top-section elementor-element elementor-element-3962541a elementor-section-full_width elementor-section-height-default elementor-section-height-default\" data-id=\"3962541a\" data-element_type=\"section\">\n\t\t\t\t\t\t\t<div class=\"elementor-background-overlay\"><\/div>\n\t\t\t\t\t\t\t<div class=\"elementor-container elementor-column-gap-default\">\n\t\t\t\t\t\t\t<div class=\"elementor-row\">\n\t\t\t\t\t<div class=\"elementor-column elementor-col-100 elementor-top-column elementor-element elementor-element-5e96951d\" data-id=\"5e96951d\" data-element_type=\"column\">\n\t\t\t<div class=\"elementor-column-wrap elementor-element-populated\">\n\t\t\t\t\t\t\t<div class=\"elementor-widget-wrap\">\n\t\t\t\t\t\t<div class=\"elementor-element elementor-element-3db85818 elementor-widget elementor-widget-image\" data-id=\"3db85818\" data-element_type=\"widget\" data-widget_type=\"image.default\">\n\t\t\t\t<div class=\"elementor-widget-container\">\n\t\t\t\t\t\t\t\t<div class=\"elementor-image\">\n\t\t\t\t\t\t\t\t\t\t\t\t<img decoding=\"async\" width=\"1024\" height=\"1024\" src=\"https:\/\/gumy.eu\/znacky-pneumatik\/wp-content\/uploads\/2026\/03\/ars-gumyeu-1-1024x1024.png\" class=\"attachment-large size-large\" alt=\"\" loading=\"lazy\" srcset=\"https:\/\/gumy.eu\/znacky-pneumatik\/wp-content\/uploads\/2026\/03\/ars-gumyeu-1-1024x1024.png 1024w, https:\/\/gumy.eu\/znacky-pneumatik\/wp-content\/uploads\/2026\/03\/ars-gumyeu-1-300x300.png 300w, https:\/\/gumy.eu\/znacky-pneumatik\/wp-content\/uploads\/2026\/03\/ars-gumyeu-1-150x150.png 150w, https:\/\/gumy.eu\/znacky-pneumatik\/wp-content\/uploads\/2026\/03\/ars-gumyeu-1-768x768.png 768w, https:\/\/gumy.eu\/znacky-pneumatik\/wp-content\/uploads\/2026\/03\/ars-gumyeu-1.png 1200w\" sizes=\"(max-width: 1024px) 100vw, 1024px\" \/>\t\t\t\t\t\t\t\t\t\t\t\t\t\t<\/div>\n\t\t\t\t\t\t<\/div>\n\t\t\t\t<\/div>\n\t\t\t\t\t\t<\/div>\n\t\t\t\t\t<\/div>\n\t\t<\/div>\n\t\t\t\t\t\t\t\t<\/div>\n\t\t\t\t\t<\/div>\n\t\t<\/section>\n\t\t\t\t<section class=\"elementor-section elementor-top-section elementor-element elementor-element-164d5845 elementor-section-boxed elementor-section-height-default elementor-section-height-default\" data-id=\"164d5845\" data-element_type=\"section\">\n\t\t\t\t\t\t\t<div class=\"elementor-background-overlay\"><\/div>\n\t\t\t\t\t\t\t<div class=\"elementor-container elementor-column-gap-default\">\n\t\t\t\t\t\t\t<div class=\"elementor-row\">\n\t\t\t\t\t<div class=\"elementor-column elementor-col-100 elementor-top-column elementor-element elementor-element-16d9d28b\" data-id=\"16d9d28b\" data-element_type=\"column\">\n\t\t\t<div class=\"elementor-column-wrap elementor-element-populated\">\n\t\t\t\t\t\t\t<div class=\"elementor-widget-wrap\">\n\t\t\t\t\t\t<div class=\"elementor-element elementor-element-78ecacc3 elementor-widget elementor-widget-heading\" data-id=\"78ecacc3\" data-element_type=\"widget\" data-widget_type=\"heading.default\">\n\t\t\t\t<div class=\"elementor-widget-container\">\n\t\t\t<h1 class=\"elementor-heading-title elementor-size-default\">Z\u00edskajte z\u013eavu 20 \u20ac na v\u00fdmenu pneumat\u00edk plat\u00ed aj na prinesen\u00e9 pneumatiky<\/h1>\t\t<\/div>\n\t\t\t\t<\/div>\n\t\t\t\t\t\t<\/div>\n\t\t\t\t\t<\/div>\n\t\t<\/div>\n\t\t\t\t\t\t\t\t<\/div>\n\t\t\t\t\t<\/div>\n\t\t<\/section>\n\t\t\t\t<section class=\"elementor-section elementor-top-section elementor-element elementor-element-5e38bc32 elementor-section-boxed elementor-section-height-default elementor-section-height-default\" data-id=\"5e38bc32\" data-element_type=\"section\" data-settings=\"{&quot;background_background&quot;:&quot;classic&quot;}\">\n\t\t\t\t\t\t\t<div class=\"elementor-background-overlay\"><\/div>\n\t\t\t\t\t\t\t<div class=\"elementor-container elementor-column-gap-default\">\n\t\t\t\t\t\t\t<div class=\"elementor-row\">\n\t\t\t\t\t<div class=\"elementor-column elementor-col-100 elementor-top-column elementor-element elementor-element-4dde609c\" data-id=\"4dde609c\" data-element_type=\"column\">\n\t\t\t<div class=\"elementor-column-wrap elementor-element-populated\">\n\t\t\t\t\t\t\t<div class=\"elementor-widget-wrap\">\n\t\t\t\t\t\t<div class=\"elementor-element elementor-element-151adba elementor-position-left elementor-vertical-align-top elementor-widget elementor-widget-image-box\" data-id=\"151adba\" data-element_type=\"widget\" data-widget_type=\"image-box.default\">\n\t\t\t\t<div class=\"elementor-widget-container\">\n\t\t\t<div class=\"elementor-image-box-wrapper\"><figure class=\"elementor-image-box-img\"><a href=\"https:\/\/gumy.eu\/rezervacia-terminu\"><img decoding=\"async\" width=\"1200\" height=\"1200\" src=\"https:\/\/gumy.eu\/znacky-pneumatik\/wp-content\/uploads\/2026\/05\/hozott-gumicsere-SK-1.jpg\" class=\"attachment-full size-full\" alt=\"\" loading=\"lazy\" \/><\/a><\/figure><div class=\"elementor-image-box-content\"><h2 class=\"elementor-image-box-title\"><a href=\"https:\/\/gumy.eu\/rezervacia-terminu\"><span style=\"font-size: 30px; font-weight: 700; line-height: 1.4;\"><br><span data-teams=\"true\">Ne\u010dakajte dlh\u0161ie! Nechajte si prezu\u0165 svoje pneumatiky v servisoch ARS Trnava, Ko\u0161ice a Prievidza a vyu\u017eite z\u013eavu 20 \u20ac na mont\u00e1\u017e!<\/span><\/span><\/a><\/h2><p class=\"elementor-image-box-description\"><span style=\"font-size: 22px;\">Pon\u00fakame odborn\u00fa a kvalitn\u00fa pr\u00e1cu, mimoriadne kr\u00e1tku \u010dakaciu dobu a jednoduch\u00fa dostupnos\u0165.<\/span> <br><br><span style=\"font-size: 20px;\"><b>Z\u013eavu si uplatnite na pobo\u010dke s odvolan\u00edm sa na t\u00fato reklamu alebo zadajte z\u013eavov\u00fd k\u00f3d PREZUJ20 pri online rezerv\u00e1cii term\u00ednu. <\/b><\/span><br><br><span style=\"font-size: 15px;\">Z\u013eavu na mont\u00e1\u017e je mo\u017en\u00e9 uplatni\u0165 iba pri prezut\u00ed 4 kusov pneumat\u00edk. Z\u013eava sa ned\u00e1 kombinova\u0165 s in\u00fdmi akciami. <br>Z\u013eava plat\u00ed do 31 m\u00e1ja 2026.<\/span><br><br><span data-teams=\"true\"><\/span><\/p><\/div><\/div>\t\t<\/div>\n\t\t\t\t<\/div>\n\t\t\t\t<div class=\"elementor-element elementor-element-78e4f218 elementor-button-success elementor-align-center elementor-widget elementor-widget-button\" data-id=\"78e4f218\" data-element_type=\"widget\" data-widget_type=\"button.default\">\n\t\t\t\t<div class=\"elementor-widget-container\">\n\t\t\t\t\t<div class=\"elementor-button-wrapper\">\n\t\t\t<a href=\"https:\/\/gumy.eu\/rezervacia-terminu\" target=\"_blank\" class=\"elementor-button-link elementor-button elementor-size-lg elementor-animation-pulse-grow\" role=\"button\">\n\t\t\t\t\t\t<span class=\"elementor-button-content-wrapper\">\n\t\t\t\t\t\t<span class=\"elementor-button-text\">Rezerv\u00e1cia term\u00ednu na prezutie<\/span>\n\t\t<\/span>\n\t\t\t\t\t<\/a>\n\t\t<\/div>\n\t\t\t\t<\/div>\n\t\t\t\t<\/div>\n\t\t\t\t\t\t<\/div>\n\t\t\t\t\t<\/div>\n\t\t<\/div>\n\t\t\t\t\t\t\t\t<\/div>\n\t\t\t\t\t<\/div>\n\t\t<\/section>\n\t\t\t\t<section class=\"elementor-section elementor-top-section elementor-element elementor-element-785033ef elementor-section-boxed elementor-section-height-default elementor-section-height-default\" data-id=\"785033ef\" data-element_type=\"section\" data-settings=\"{&quot;background_background&quot;:&quot;classic&quot;}\">\n\t\t\t\t\t\t\t<div class=\"elementor-background-overlay\"><\/div>\n\t\t\t\t\t\t\t<div class=\"elementor-container elementor-column-gap-default\">\n\t\t\t\t\t\t\t<div class=\"elementor-row\">\n\t\t\t\t\t<div class=\"elementor-column elementor-col-100 elementor-top-column elementor-element elementor-element-71680fae\" data-id=\"71680fae\" data-element_type=\"column\">\n\t\t\t<div class=\"elementor-column-wrap elementor-element-populated\">\n\t\t\t\t\t\t\t<div class=\"elementor-widget-wrap\">\n\t\t\t\t\t\t<div class=\"elementor-element elementor-element-730de1f3 elementor-widget elementor-widget-image\" data-id=\"730de1f3\" data-element_type=\"widget\" data-widget_type=\"image.default\">\n\t\t\t\t<div class=\"elementor-widget-container\">\n\t\t\t\t\t\t\t\t<div class=\"elementor-image\">\n\t\t\t\t\t\t\t\t\t\t\t\t<img decoding=\"async\" width=\"1024\" height=\"1024\" src=\"https:\/\/gumy.eu\/znacky-pneumatik\/wp-content\/uploads\/2026\/03\/ars-gumyeu-1-1024x1024.png\" class=\"attachment-large size-large\" alt=\"\" loading=\"lazy\" srcset=\"https:\/\/gumy.eu\/znacky-pneumatik\/wp-content\/uploads\/2026\/03\/ars-gumyeu-1-1024x1024.png 1024w, https:\/\/gumy.eu\/znacky-pneumatik\/wp-content\/uploads\/2026\/03\/ars-gumyeu-1-300x300.png 300w, https:\/\/gumy.eu\/znacky-pneumatik\/wp-content\/uploads\/2026\/03\/ars-gumyeu-1-150x150.png 150w, https:\/\/gumy.eu\/znacky-pneumatik\/wp-content\/uploads\/2026\/03\/ars-gumyeu-1-768x768.png 768w, https:\/\/gumy.eu\/znacky-pneumatik\/wp-content\/uploads\/2026\/03\/ars-gumyeu-1.png 1200w\" sizes=\"(max-width: 1024px) 100vw, 1024px\" \/>\t\t\t\t\t\t\t\t\t\t\t\t\t\t<\/div>\n\t\t\t\t\t\t<\/div>\n\t\t\t\t<\/div>\n\t\t\t\t<div class=\"elementor-element elementor-element-7ac86656 elementor-widget elementor-widget-text-editor\" data-id=\"7ac86656\" data-element_type=\"widget\" data-widget_type=\"text-editor.default\">\n\t\t\t\t<div class=\"elementor-widget-container\">\n\t\t\t\t\t\t\t\t<div class=\"elementor-text-editor elementor-clearfix\">\n\t\t\t\t<p>\u00a9 gumy.eu\u00a0V\u0161etky pr\u00e1va vyhraden\u00e9!<\/p>\t\t\t\t\t<\/div>\n\t\t\t\t\t\t<\/div>\n\t\t\t\t<\/div>\n\t\t\t\t\t\t<\/div>\n\t\t\t\t\t<\/div>\n\t\t<\/div>\n\t\t\t\t\t\t\t\t<\/div>\n\t\t\t\t\t<\/div>\n\t\t<\/section>\n\t\t\t\t\t\t\t\t\t<\/div>\n\t\t\t<\/div>\n\t\t\t\t\t<\/div>\n\t\t","protected":false},"excerpt":{"rendered":"<p>Z\u00edskajte z\u013eavu 20 \u20ac na v\u00fdmenu pneumat\u00edk plat\u00ed aj na prinesen\u00e9 pneumatiky Ne\u010dakajte dlh\u0161ie! Nechajte si prezu\u0165 svoje pneumatiky v servisoch ARS Trnava, Ko\u0161ice a Prievidza a vyu\u017eite z\u013eavu 20 \u20ac na mont\u00e1\u017e! Pon\u00fakame odborn\u00fa a kvalitn\u00fa pr\u00e1cu, mimoriadne kr\u00e1tku \u010dakaciu dobu a jednoduch\u00fa dostupnos\u0165. Z\u013eavu si uplatnite na pobo\u010dke s odvolan\u00edm sa na t\u00fato &#8230; <a title=\"20 \u20ac na v\u00fdmenu pneumat\u00edk\" class=\"read-more\" href=\"https:\/\/gumy.eu\/znacky-pneumatik\/20-e-na-vymenu-pneumatik\/\" aria-label=\"More on 20 \u20ac na v\u00fdmenu pneumat\u00edk\">Read more<\/a><\/p>\n","protected":false},"author":13,"featured_media":0,"parent":0,"menu_order":0,"comment_status":"closed","ping_status":"closed","template":"elementor_canvas","meta":[],"yoast_head":"<!-- This site is optimized with the Yoast SEO plugin v19.2 - https:\/\/yoast.com\/wordpress\/plugins\/seo\/ -->\n<title>20 \u20ac na v\u00fdmenu pneumat\u00edk - Zna\u010dky pneumatik<\/title>\n<meta name=\"robots\" content=\"index, follow, max-snippet:-1, max-image-preview:large, max-video-preview:-1\" \/>\n<link rel=\"canonical\" href=\"https:\/\/gumy.eu\/znacky-pneumatik\/20-e-na-vymenu-pneumatik\/\" \/>\n<meta property=\"og:locale\" content=\"en_US\" \/>\n<meta property=\"og:type\" content=\"article\" \/>\n<meta property=\"og:title\" content=\"20 \u20ac na v\u00fdmenu pneumat\u00edk - Zna\u010dky pneumatik\" \/>\n<meta property=\"og:description\" content=\"Z\u00edskajte z\u013eavu 20 \u20ac na v\u00fdmenu pneumat\u00edk plat\u00ed aj na prinesen\u00e9 pneumatiky Ne\u010dakajte dlh\u0161ie! Nechajte si prezu\u0165 svoje pneumatiky v servisoch ARS Trnava, Ko\u0161ice a Prievidza a vyu\u017eite z\u013eavu 20 \u20ac na mont\u00e1\u017e! Pon\u00fakame odborn\u00fa a kvalitn\u00fa pr\u00e1cu, mimoriadne kr\u00e1tku \u010dakaciu dobu a jednoduch\u00fa dostupnos\u0165. Z\u013eavu si uplatnite na pobo\u010dke s odvolan\u00edm sa na t\u00fato ... Read more\" \/>\n<meta property=\"og:url\" content=\"https:\/\/gumy.eu\/znacky-pneumatik\/20-e-na-vymenu-pneumatik\/\" \/>\n<meta property=\"og:site_name\" content=\"Zna\u010dky pneumatik\" \/>\n<meta property=\"article:publisher\" content=\"https:\/\/www.facebook.com\/gumy.eu\/\" \/>\n<meta property=\"article:modified_time\" content=\"2026-05-06T07:07:51+00:00\" \/>\n<meta property=\"og:image\" content=\"https:\/\/gumy.eu\/znacky-pneumatik\/wp-content\/uploads\/2026\/03\/ars-gumyeu-1-1024x1024.png\" \/>\n<meta name=\"author\" content=\"marketing\" \/>\n<meta name=\"twitter:card\" content=\"summary_large_image\" \/>\n<meta name=\"twitter:label1\" content=\"Est. reading time\" \/>\n\t<meta name=\"twitter:data1\" content=\"1 minute\" \/>\n<script type=\"application\/ld+json\" class=\"yoast-schema-graph\">{\"@context\":\"https:\/\/schema.org\",\"@graph\":[{\"@type\":\"WebSite\",\"@id\":\"https:\/\/gumy.eu\/znacky-pneumatik\/#website\",\"url\":\"https:\/\/gumy.eu\/znacky-pneumatik\/\",\"name\":\"Zna\u010dky pneumatik\",\"description\":\"Gumy.eu\",\"potentialAction\":[{\"@type\":\"SearchAction\",\"target\":{\"@type\":\"EntryPoint\",\"urlTemplate\":\"https:\/\/gumy.eu\/znacky-pneumatik\/?s={search_term_string}\"},\"query-input\":\"required name=search_term_string\"}],\"inLanguage\":\"en-US\"},{\"@type\":\"ImageObject\",\"inLanguage\":\"en-US\",\"@id\":\"https:\/\/gumy.eu\/znacky-pneumatik\/20-e-na-vymenu-pneumatik\/#primaryimage\",\"url\":\"https:\/\/gumy.eu\/znacky-pneumatik\/wp-content\/uploads\/2026\/03\/ars-gumyeu-1.png\",\"contentUrl\":\"https:\/\/gumy.eu\/znacky-pneumatik\/wp-content\/uploads\/2026\/03\/ars-gumyeu-1.png\",\"width\":1200,\"height\":1200},{\"@type\":\"WebPage\",\"@id\":\"https:\/\/gumy.eu\/znacky-pneumatik\/20-e-na-vymenu-pneumatik\/#webpage\",\"url\":\"https:\/\/gumy.eu\/znacky-pneumatik\/20-e-na-vymenu-pneumatik\/\",\"name\":\"20 \u20ac na v\u00fdmenu pneumat\u00edk - Zna\u010dky pneumatik\",\"isPartOf\":{\"@id\":\"https:\/\/gumy.eu\/znacky-pneumatik\/#website\"},\"primaryImageOfPage\":{\"@id\":\"https:\/\/gumy.eu\/znacky-pneumatik\/20-e-na-vymenu-pneumatik\/#primaryimage\"},\"datePublished\":\"2026-04-29T13:01:15+00:00\",\"dateModified\":\"2026-05-06T07:07:51+00:00\",\"breadcrumb\":{\"@id\":\"https:\/\/gumy.eu\/znacky-pneumatik\/20-e-na-vymenu-pneumatik\/#breadcrumb\"},\"inLanguage\":\"en-US\",\"potentialAction\":[{\"@type\":\"ReadAction\",\"target\":[\"https:\/\/gumy.eu\/znacky-pneumatik\/20-e-na-vymenu-pneumatik\/\"]}]},{\"@type\":\"BreadcrumbList\",\"@id\":\"https:\/\/gumy.eu\/znacky-pneumatik\/20-e-na-vymenu-pneumatik\/#breadcrumb\",\"itemListElement\":[{\"@type\":\"ListItem\",\"position\":1,\"name\":\"20 \u20ac na v\u00fdmenu pneumat\u00edk\"}]}]}<\/script>\n<!-- \/ Yoast SEO plugin. -->","yoast_head_json":{"title":"20 \u20ac na v\u00fdmenu pneumat\u00edk - Zna\u010dky pneumatik","robots":{"index":"index","follow":"follow","max-snippet":"max-snippet:-1","max-image-preview":"max-image-preview:large","max-video-preview":"max-video-preview:-1"},"canonical":"https:\/\/gumy.eu\/znacky-pneumatik\/20-e-na-vymenu-pneumatik\/","og_locale":"en_US","og_type":"article","og_title":"20 \u20ac na v\u00fdmenu pneumat\u00edk - Zna\u010dky pneumatik","og_description":"Z\u00edskajte z\u013eavu 20 \u20ac na v\u00fdmenu pneumat\u00edk plat\u00ed aj na prinesen\u00e9 pneumatiky Ne\u010dakajte dlh\u0161ie! Nechajte si prezu\u0165 svoje pneumatiky v servisoch ARS Trnava, Ko\u0161ice a Prievidza a vyu\u017eite z\u013eavu 20 \u20ac na mont\u00e1\u017e! Pon\u00fakame odborn\u00fa a kvalitn\u00fa pr\u00e1cu, mimoriadne kr\u00e1tku \u010dakaciu dobu a jednoduch\u00fa dostupnos\u0165. Z\u013eavu si uplatnite na pobo\u010dke s odvolan\u00edm sa na t\u00fato ... Read more","og_url":"https:\/\/gumy.eu\/znacky-pneumatik\/20-e-na-vymenu-pneumatik\/","og_site_name":"Zna\u010dky pneumatik","article_publisher":"https:\/\/www.facebook.com\/gumy.eu\/","article_modified_time":"2026-05-06T07:07:51+00:00","og_image":[{"url":"https:\/\/gumy.eu\/znacky-pneumatik\/wp-content\/uploads\/2026\/03\/ars-gumyeu-1-1024x1024.png"}],"author":"marketing","twitter_card":"summary_large_image","twitter_misc":{"Est. reading time":"1 minute"},"schema":{"@context":"https:\/\/schema.org","@graph":[{"@type":"WebSite","@id":"https:\/\/gumy.eu\/znacky-pneumatik\/#website","url":"https:\/\/gumy.eu\/znacky-pneumatik\/","name":"Zna\u010dky pneumatik","description":"Gumy.eu","potentialAction":[{"@type":"SearchAction","target":{"@type":"EntryPoint","urlTemplate":"https:\/\/gumy.eu\/znacky-pneumatik\/?s={search_term_string}"},"query-input":"required name=search_term_string"}],"inLanguage":"en-US"},{"@type":"ImageObject","inLanguage":"en-US","@id":"https:\/\/gumy.eu\/znacky-pneumatik\/20-e-na-vymenu-pneumatik\/#primaryimage","url":"https:\/\/gumy.eu\/znacky-pneumatik\/wp-content\/uploads\/2026\/03\/ars-gumyeu-1.png","contentUrl":"https:\/\/gumy.eu\/znacky-pneumatik\/wp-content\/uploads\/2026\/03\/ars-gumyeu-1.png","width":1200,"height":1200},{"@type":"WebPage","@id":"https:\/\/gumy.eu\/znacky-pneumatik\/20-e-na-vymenu-pneumatik\/#webpage","url":"https:\/\/gumy.eu\/znacky-pneumatik\/20-e-na-vymenu-pneumatik\/","name":"20 \u20ac na v\u00fdmenu pneumat\u00edk - Zna\u010dky pneumatik","isPartOf":{"@id":"https:\/\/gumy.eu\/znacky-pneumatik\/#website"},"primaryImageOfPage":{"@id":"https:\/\/gumy.eu\/znacky-pneumatik\/20-e-na-vymenu-pneumatik\/#primaryimage"},"datePublished":"2026-04-29T13:01:15+00:00","dateModified":"2026-05-06T07:07:51+00:00","breadcrumb":{"@id":"https:\/\/gumy.eu\/znacky-pneumatik\/20-e-na-vymenu-pneumatik\/#breadcrumb"},"inLanguage":"en-US","potentialAction":[{"@type":"ReadAction","target":["https:\/\/gumy.eu\/znacky-pneumatik\/20-e-na-vymenu-pneumatik\/"]}]},{"@type":"BreadcrumbList","@id":"https:\/\/gumy.eu\/znacky-pneumatik\/20-e-na-vymenu-pneumatik\/#breadcrumb","itemListElement":[{"@type":"ListItem","position":1,"name":"20 \u20ac na v\u00fdmenu pneumat\u00edk"}]}]}},"_links":{"self":[{"href":"https:\/\/gumy.eu\/znacky-pneumatik\/wp-json\/wp\/v2\/pages\/10718"}],"collection":[{"href":"https:\/\/gumy.eu\/znacky-pneumatik\/wp-json\/wp\/v2\/pages"}],"about":[{"href":"https:\/\/gumy.eu\/znacky-pneumatik\/wp-json\/wp\/v2\/types\/page"}],"author":[{"embeddable":true,"href":"https:\/\/gumy.eu\/znacky-pneumatik\/wp-json\/wp\/v2\/users\/13"}],"replies":[{"embeddable":true,"href":"https:\/\/gumy.eu\/znacky-pneumatik\/wp-json\/wp\/v2\/comments?post=10718"}],"version-history":[{"count":38,"href":"https:\/\/gumy.eu\/znacky-pneumatik\/wp-json\/wp\/v2\/pages\/10718\/revisions"}],"predecessor-version":[{"id":10762,"href":"https:\/\/gumy.eu\/znacky-pneumatik\/wp-json\/wp\/v2\/pages\/10718\/revisions\/10762"}],"wp:attachment":[{"href":"https:\/\/gumy.eu\/znacky-pneumatik\/wp-json\/wp\/v2\/media?parent=10718"}],"curies":[{"name":"wp","href":"https:\/\/api.w.org\/{rel}","templated":true}]}}